{"id":522,"date":"2022-11-24T13:58:25","date_gmt":"2022-11-24T12:58:25","guid":{"rendered":"https:\/\/sklep.psychologmarialucjan.pl\/?post_type=product&#038;p=522"},"modified":"2022-11-26T00:21:42","modified_gmt":"2022-11-25T23:21:42","slug":"kurs-online-porownywanie-sie","status":"publish","type":"product","link":"https:\/\/sklep.psychologmarialucjan.pl\/index.php\/produkt\/kurs-online-porownywanie-sie\/","title":{"rendered":"Kurs online &#8222;Por\u00f3wnywanie si\u0119&#8221;"},"content":{"rendered":"<p data-pm-slice=\"0 0 []\">Jak radzi\u0107 sobie z por\u00f3wnywaniem si\u0119<\/p>\n<p>Kurs o tym, jak radzi\u0107 sobie z por\u00f3wnywaniem si\u0119 utworzony przez psycholog Maria \u0141ucjan pomo\u017ce Ci zrozumie\u0107 istot\u0119 por\u00f3wnywania si\u0119 z innymi, a dodatkowo dowiesz si\u0119 co zrobi\u0107, aby skupi\u0107 si\u0119\u00a0 na Twoim rozwoju osobistym zamiast na por\u00f3wnywaniu si\u0119 z innymi.<\/p>\n<p>Kurs jest nietypowy, poniewa\u017c do niekt\u00f3rych lekcji otrzymujesz za\u0142\u0105czone karty pracy w formacie PDF gotowe do samodzielnego wydruku.<\/p>\n<p>Przygotuj si\u0119, \u017ce b\u0119dziesz przerabia\u0107 kurs d\u0142u\u017cej ni\u017c czas trwania nagra\u0144, poniewa\u017c b\u0119dziesz zatrzymywa\u0107, notowa\u0107 i zastanawia\u0107 si\u0119.<\/p>\n<p>Warto za\u0142o\u017cy\u0107 sobie ma\u0142y zeszyt i zaplanowa\u0107 prac\u0119 z kursem.<\/p>\n<p>Mini-kurs video !<\/p>\n<p>Co otrzymujesz:<\/p>\n<ul>\n<li>mini lekcje video\n<p>formu\u0142a mini lekcji pozwala przerabia\u0107 materia\u0142 w ma\u0142ych fragmentach, dzi\u0119ki czemu \u0142atwiej jest przerobi\u0107 ca\u0142y kurs<\/li>\n<li>karty pracy gotowe do druku<\/li>\n<li>tapeta na telefon<\/li>\n<li>kartka na lod\u00f3wk\u0119<\/li>\n<\/ul>\n<p>Zam\u00f3w mini-kurs online ju\u017c dzi\u015b!<\/p>\n<p>Zajrzyj do mnie na Instagram i YT \ud83d\ude42<\/p>\n<p>O mnie:<\/p>\n<p>Mam na imi\u0119 Marysia i jestem psychologiem. Pracuj\u0119 z kobietami w gabinecie stacjonarnym i online.<\/p>\n","protected":false},"excerpt":{"rendered":"<p>Jak radzi\u0107 sobie z por\u00f3wnywaniem si\u0119 Kurs o tym, jak radzi\u0107 sobie z por\u00f3wnywaniem si\u0119 utworzony przez psycholog Maria \u0141ucjan&hellip;<\/p>\n","protected":false},"featured_media":524,"comment_status":"open","ping_status":"closed","template":"","meta":{"_mi_skip_tracking":false,"_monsterinsights_sitenote_active":false,"_monsterinsights_sitenote_note":"","_monsterinsights_sitenote_category":0},"product_cat":[15],"product_tag":[],"class_list":["post-522","product","type-product","status-publish","has-post-thumbnail","hentry","product_cat-bez-kategorii"],"yoast_head":"<!-- This site is optimized with the Yoast SEO plugin v24.9 - https:\/\/yoast.com\/wordpress\/plugins\/seo\/ -->\n<title>Kurs online &quot;Por\u00f3wnywanie si\u0119&quot; -<\/title>\n<meta name=\"robots\" content=\"index, follow, max-snippet:-1, max-image-preview:large, max-video-preview:-1\" \/>\n<link rel=\"canonical\" href=\"https:\/\/sklep.psychologmarialucjan.pl\/index.php\/produkt\/kurs-online-porownywanie-sie\/\" \/>\n<meta property=\"og:locale\" content=\"pl_PL\" \/>\n<meta property=\"og:type\" content=\"article\" \/>\n<meta property=\"og:title\" content=\"Kurs online &quot;Por\u00f3wnywanie si\u0119&quot; -\" \/>\n<meta property=\"og:description\" content=\"Jak radzi\u0107 sobie z por\u00f3wnywaniem si\u0119 Kurs o tym, jak radzi\u0107 sobie z por\u00f3wnywaniem si\u0119 utworzony przez psycholog Maria \u0141ucjan&hellip;\" \/>\n<meta property=\"og:url\" content=\"https:\/\/sklep.psychologmarialucjan.pl\/index.php\/produkt\/kurs-online-porownywanie-sie\/\" \/>\n<meta property=\"article:modified_time\" content=\"2022-11-25T23:21:42+00:00\" \/>\n<meta property=\"og:image\" content=\"https:\/\/sklep.psychologmarialucjan.pl\/wp-content\/uploads\/2022\/11\/wyrozumiale-przypomnienia-14.png\" \/>\n\t<meta property=\"og:image:width\" content=\"1080\" \/>\n\t<meta property=\"og:image:height\" content=\"1080\" \/>\n\t<meta property=\"og:image:type\" content=\"image\/png\" \/>\n<meta name=\"twitter:card\" content=\"summary_large_image\" \/>\n<meta name=\"twitter:label1\" content=\"Szacowany czas czytania\" \/>\n\t<meta name=\"twitter:data1\" content=\"2 minuty\" \/>\n<script type=\"application\/ld+json\" class=\"yoast-schema-graph\">{\"@context\":\"https:\/\/schema.org\",\"@graph\":[{\"@type\":\"WebPage\",\"@id\":\"https:\/\/sklep.psychologmarialucjan.pl\/index.php\/produkt\/kurs-online-porownywanie-sie\/\",\"url\":\"https:\/\/sklep.psychologmarialucjan.pl\/index.php\/produkt\/kurs-online-porownywanie-sie\/\",\"name\":\"Kurs online \\\"Por\u00f3wnywanie si\u0119\\\" -\",\"isPartOf\":{\"@id\":\"https:\/\/sklep.psychologmarialucjan.pl\/#website\"},\"primaryImageOfPage\":{\"@id\":\"https:\/\/sklep.psychologmarialucjan.pl\/index.php\/produkt\/kurs-online-porownywanie-sie\/#primaryimage\"},\"image\":{\"@id\":\"https:\/\/sklep.psychologmarialucjan.pl\/index.php\/produkt\/kurs-online-porownywanie-sie\/#primaryimage\"},\"thumbnailUrl\":\"https:\/\/sklep.psychologmarialucjan.pl\/wp-content\/uploads\/2022\/11\/wyrozumiale-przypomnienia-14.png\",\"datePublished\":\"2022-11-24T12:58:25+00:00\",\"dateModified\":\"2022-11-25T23:21:42+00:00\",\"breadcrumb\":{\"@id\":\"https:\/\/sklep.psychologmarialucjan.pl\/index.php\/produkt\/kurs-online-porownywanie-sie\/#breadcrumb\"},\"inLanguage\":\"pl-PL\",\"potentialAction\":[{\"@type\":\"ReadAction\",\"target\":[\"https:\/\/sklep.psychologmarialucjan.pl\/index.php\/produkt\/kurs-online-porownywanie-sie\/\"]}]},{\"@type\":\"ImageObject\",\"inLanguage\":\"pl-PL\",\"@id\":\"https:\/\/sklep.psychologmarialucjan.pl\/index.php\/produkt\/kurs-online-porownywanie-sie\/#primaryimage\",\"url\":\"https:\/\/sklep.psychologmarialucjan.pl\/wp-content\/uploads\/2022\/11\/wyrozumiale-przypomnienia-14.png\",\"contentUrl\":\"https:\/\/sklep.psychologmarialucjan.pl\/wp-content\/uploads\/2022\/11\/wyrozumiale-przypomnienia-14.png\",\"width\":1080,\"height\":1080,\"caption\":\"kurs online\"},{\"@type\":\"BreadcrumbList\",\"@id\":\"https:\/\/sklep.psychologmarialucjan.pl\/index.php\/produkt\/kurs-online-porownywanie-sie\/#breadcrumb\",\"itemListElement\":[{\"@type\":\"ListItem\",\"position\":1,\"name\":\"Strona g\u0142\u00f3wna\",\"item\":\"https:\/\/sklep.psychologmarialucjan.pl\/\"},{\"@type\":\"ListItem\",\"position\":2,\"name\":\"Shop\",\"item\":\"https:\/\/sklep.psychologmarialucjan.pl\/index.php\/shop__trashed\/shop\/\"},{\"@type\":\"ListItem\",\"position\":3,\"name\":\"Kurs online &#8222;Por\u00f3wnywanie si\u0119&#8221;\"}]},{\"@type\":\"WebSite\",\"@id\":\"https:\/\/sklep.psychologmarialucjan.pl\/#website\",\"url\":\"https:\/\/sklep.psychologmarialucjan.pl\/\",\"name\":\"\",\"description\":\"\",\"potentialAction\":[{\"@type\":\"SearchAction\",\"target\":{\"@type\":\"EntryPoint\",\"urlTemplate\":\"https:\/\/sklep.psychologmarialucjan.pl\/?s={search_term_string}\"},\"query-input\":{\"@type\":\"PropertyValueSpecification\",\"valueRequired\":true,\"valueName\":\"search_term_string\"}}],\"inLanguage\":\"pl-PL\"}]}<\/script>\n<!-- \/ Yoast SEO plugin. -->","yoast_head_json":{"title":"Kurs online \"Por\u00f3wnywanie si\u0119\" -","robots":{"index":"index","follow":"follow","max-snippet":"max-snippet:-1","max-image-preview":"max-image-preview:large","max-video-preview":"max-video-preview:-1"},"canonical":"https:\/\/sklep.psychologmarialucjan.pl\/index.php\/produkt\/kurs-online-porownywanie-sie\/","og_locale":"pl_PL","og_type":"article","og_title":"Kurs online \"Por\u00f3wnywanie si\u0119\" -","og_description":"Jak radzi\u0107 sobie z por\u00f3wnywaniem si\u0119 Kurs o tym, jak radzi\u0107 sobie z por\u00f3wnywaniem si\u0119 utworzony przez psycholog Maria \u0141ucjan&hellip;","og_url":"https:\/\/sklep.psychologmarialucjan.pl\/index.php\/produkt\/kurs-online-porownywanie-sie\/","article_modified_time":"2022-11-25T23:21:42+00:00","og_image":[{"width":1080,"height":1080,"url":"https:\/\/sklep.psychologmarialucjan.pl\/wp-content\/uploads\/2022\/11\/wyrozumiale-przypomnienia-14.png","type":"image\/png"}],"twitter_card":"summary_large_image","twitter_misc":{"Szacowany czas czytania":"2 minuty"},"schema":{"@context":"https:\/\/schema.org","@graph":[{"@type":"WebPage","@id":"https:\/\/sklep.psychologmarialucjan.pl\/index.php\/produkt\/kurs-online-porownywanie-sie\/","url":"https:\/\/sklep.psychologmarialucjan.pl\/index.php\/produkt\/kurs-online-porownywanie-sie\/","name":"Kurs online \"Por\u00f3wnywanie si\u0119\" -","isPartOf":{"@id":"https:\/\/sklep.psychologmarialucjan.pl\/#website"},"primaryImageOfPage":{"@id":"https:\/\/sklep.psychologmarialucjan.pl\/index.php\/produkt\/kurs-online-porownywanie-sie\/#primaryimage"},"image":{"@id":"https:\/\/sklep.psychologmarialucjan.pl\/index.php\/produkt\/kurs-online-porownywanie-sie\/#primaryimage"},"thumbnailUrl":"https:\/\/sklep.psychologmarialucjan.pl\/wp-content\/uploads\/2022\/11\/wyrozumiale-przypomnienia-14.png","datePublished":"2022-11-24T12:58:25+00:00","dateModified":"2022-11-25T23:21:42+00:00","breadcrumb":{"@id":"https:\/\/sklep.psychologmarialucjan.pl\/index.php\/produkt\/kurs-online-porownywanie-sie\/#breadcrumb"},"inLanguage":"pl-PL","potentialAction":[{"@type":"ReadAction","target":["https:\/\/sklep.psychologmarialucjan.pl\/index.php\/produkt\/kurs-online-porownywanie-sie\/"]}]},{"@type":"ImageObject","inLanguage":"pl-PL","@id":"https:\/\/sklep.psychologmarialucjan.pl\/index.php\/produkt\/kurs-online-porownywanie-sie\/#primaryimage","url":"https:\/\/sklep.psychologmarialucjan.pl\/wp-content\/uploads\/2022\/11\/wyrozumiale-przypomnienia-14.png","contentUrl":"https:\/\/sklep.psychologmarialucjan.pl\/wp-content\/uploads\/2022\/11\/wyrozumiale-przypomnienia-14.png","width":1080,"height":1080,"caption":"kurs online"},{"@type":"BreadcrumbList","@id":"https:\/\/sklep.psychologmarialucjan.pl\/index.php\/produkt\/kurs-online-porownywanie-sie\/#breadcrumb","itemListElement":[{"@type":"ListItem","position":1,"name":"Strona g\u0142\u00f3wna","item":"https:\/\/sklep.psychologmarialucjan.pl\/"},{"@type":"ListItem","position":2,"name":"Shop","item":"https:\/\/sklep.psychologmarialucjan.pl\/index.php\/shop__trashed\/shop\/"},{"@type":"ListItem","position":3,"name":"Kurs online &#8222;Por\u00f3wnywanie si\u0119&#8221;"}]},{"@type":"WebSite","@id":"https:\/\/sklep.psychologmarialucjan.pl\/#website","url":"https:\/\/sklep.psychologmarialucjan.pl\/","name":"","description":"","potentialAction":[{"@type":"SearchAction","target":{"@type":"EntryPoint","urlTemplate":"https:\/\/sklep.psychologmarialucjan.pl\/?s={search_term_string}"},"query-input":{"@type":"PropertyValueSpecification","valueRequired":true,"valueName":"search_term_string"}}],"inLanguage":"pl-PL"}]}},"_links":{"self":[{"href":"https:\/\/sklep.psychologmarialucjan.pl\/index.php\/wp-json\/wp\/v2\/product\/522","targetHints":{"allow":["GET"]}}],"collection":[{"href":"https:\/\/sklep.psychologmarialucjan.pl\/index.php\/wp-json\/wp\/v2\/product"}],"about":[{"href":"https:\/\/sklep.psychologmarialucjan.pl\/index.php\/wp-json\/wp\/v2\/types\/product"}],"replies":[{"embeddable":true,"href":"https:\/\/sklep.psychologmarialucjan.pl\/index.php\/wp-json\/wp\/v2\/comments?post=522"}],"wp:featuredmedia":[{"embeddable":true,"href":"https:\/\/sklep.psychologmarialucjan.pl\/index.php\/wp-json\/wp\/v2\/media\/524"}],"wp:attachment":[{"href":"https:\/\/sklep.psychologmarialucjan.pl\/index.php\/wp-json\/wp\/v2\/media?parent=522"}],"wp:term":[{"taxonomy":"product_cat","embeddable":true,"href":"https:\/\/sklep.psychologmarialucjan.pl\/index.php\/wp-json\/wp\/v2\/product_cat?post=522"},{"taxonomy":"product_tag","embeddable":true,"href":"https:\/\/sklep.psychologmarialucjan.pl\/index.php\/wp-json\/wp\/v2\/product_tag?post=522"}],"curies":[{"name":"wp","href":"https:\/\/api.w.org\/{rel}","templated":true}]}}