{"id":519,"date":"2022-11-24T13:36:01","date_gmt":"2022-11-24T12:36:01","guid":{"rendered":"https:\/\/sklep.psychologmarialucjan.pl\/?post_type=product&#038;p=519"},"modified":"2025-04-05T06:05:05","modified_gmt":"2025-04-05T04:05:05","slug":"wzmocnij-pewnosc-siebie-kurs-online","status":"publish","type":"product","link":"https:\/\/sklep.psychologmarialucjan.pl\/index.php\/produkt\/wzmocnij-pewnosc-siebie-kurs-online\/","title":{"rendered":"Wzmocnij pewno\u015b\u0107 siebie &#8211; KURS ONLINE"},"content":{"rendered":"<div data-purpose=\"safely-set-inner-html:course-taking:course-description\">\n<p>Kurs sk\u0142ada si\u0119 z mini-lekcji, a lekcje tworz\u0105 modu\u0142y. Zapoznaj si\u0119 z ich tre\u015bci\u0105.<\/p>\n<p><strong>MODU\u0141 1 TWOJE KORZY\u015aCI<\/strong><\/p>\n<ul>\n<li>poznasz zasady rz\u0105dz\u0105ce kursem<\/li>\n<li>us\u0142yszysz o korzy\u015bciach z pewno\u015bci siebie<\/li>\n<li>poznasz definicj\u0119 pewno\u015bci siebie<\/li>\n<li>stworzysz swoj\u0105 w\u0142asn\u0105 list\u0119 korzy\u015bci z wi\u0119kszej pewno\u015bci siebie<\/li>\n<\/ul>\n<p><strong>MODU\u0141 2 AUTODIAGNOZA<\/strong><\/p>\n<ul>\n<li>ocenisz, na jakim poziomie jest Twoja pewno\u015b\u0107 siebie<\/li>\n<li>zobaczysz, z jakiego punktu startujesz<\/li>\n<li>b\u0119d\u0119 Ci pokazywa\u0107 te\u017c Twoje mocne strony &#8211; ka\u017cdy je ma!<\/li>\n<\/ul>\n<p><strong>MODU\u0141 3 SAMOOCENA<\/strong><\/p>\n<ul>\n<li>b\u0119dziesz pracowa\u0107 nad wzmocnieniem samooceny<\/li>\n<li>rozwiniesz wiar\u0119 w siebie<\/li>\n<li>dowiesz si\u0119, co Ci\u0119 wspiera<\/li>\n<li>co lubisz, co Ci\u0119 wzmacnia<\/li>\n<li>i dlaczego to wa\u017cne w budowaniu pewno\u015bci siebie<\/li>\n<\/ul>\n<p><strong>MODU\u0141 4 &#8211; POCZUCIE W\u0141ASNEJ SKUTECZNO\u015aCI<\/strong><\/p>\n<ul>\n<li>wzmocnisz poczucie w\u0142asnej skuteczno\u015bci<\/li>\n<li>b\u0119dziesz uczy\u0107 sie o tym, dlaczego lepiej mie\u0107 je wy\u017csze<\/li>\n<li>ale te\u017c jak to zrobi\u0107, aby wzros\u0142o<\/li>\n<\/ul>\n<p><strong>MODU\u0141 5 &#8211; WE\u0179 ODPOWIEDZIALNO\u015a\u0106<\/strong><\/p>\n<ul>\n<li>b\u0119dziesz \u0107wiczy\u0142a aktywn\u0105 postaw\u0119<\/li>\n<li>przechodzenie do dzia\u0142ania<\/li>\n<li>branie odpowiedzialno\u015bci za to, jaka jest Twoja pewno\u015b\u0107 siebie.<\/li>\n<\/ul>\n<p><strong>MODU\u0141 6 &#8211; PROCES<\/strong><\/p>\n<ul>\n<li>b\u0119dziesz uczy\u0142a si\u0119 o tym, \u017ce pewno\u015b\u0107 siebie to proces<\/li>\n<li>opracujesz plan wzmacniania pewno\u015bci siebie na nast\u0119pny rok &#8211; tak, tak &#8211; praca nad pewno\u015bci\u0105 siebie nie ko\u0144czy si\u0119 wraz z uko\u0144czeniem kursu<\/li>\n<\/ul>\n<p><strong>KTO PROWADZI KURS<\/strong><\/p>\n<p><strong>MARIA \u0141UCJAN PSYCHOLOG<\/strong><\/p>\n<p>Mam na imi\u0119 Maria \u0141ucjan i jestem psychologiem. Na codzie\u0144 pracuj\u0119 on-line i w gabinecie prowadz\u0105c poradnictwo psychologiczne dla Kobiet. Uwielbiam pracowa\u0107 z kobietami &#8211; pracujemy nad pewno\u015bci\u0105 siebie, samoocen\u0105, przekonaniami, osi\u0105ganiem swoich cel\u00f3w. Pracuj\u0119 te\u017c z l\u0119kami, obni\u017conym nastrojem. Sprawiam, \u017ce moim klientkom \u017cyje si\u0119 lepiej, \u017ce ich komfort \u017cycia si\u0119 poprawia.<\/p>\n<p>Postanowi\u0142am opracowa\u0107 najwa\u017cniejsze rzeczy w formie kursu on-line, kt\u00f3ry b\u0119dzie dost\u0119pny dla Kobiet wtedy, kiedy tego potrzebuj\u0105.<\/p>\n<p><strong>KARTY PRACY I \u0106WICZENIA PRAKTYCZNE<\/strong><\/p>\n<p>Wa\u017cn\u0105 cz\u0119\u015bci\u0105 kursu s\u0105 karty pracy. Karty pracy otrzymujesz w formacie PDF (s\u0105 pi\u0119kne!) drukujesz je przed rozpocz\u0119ciem pracy z kursem, a p\u00f3\u017aniej je\u015bli w lekcji jest \u0107wiczenie z kart\u0105 pracy zapisujesz swoje odpowiedzi w\u0142a\u015bnie tam.<\/p>\n<\/div>\n<div class=\"course-overview--course-description-sets--LhVPO\">\n<h4 class=\"ud-heading-sm\">Czego si\u0119 nauczysz<\/h4>\n<ul>\n<li>Wzmocnienie pewno\u015bci siebie<\/li>\n<li>Znajomo\u015b\u0107 sposob\u00f3w na prac\u0119 nad pewno\u015bci\u0105 siebie<\/li>\n<li>Rozw\u00f3j osobisty<\/li>\n<li>Poprawa samooceny<\/li>\n<\/ul>\n<h4 class=\"ud-heading-sm\">Czy istniej\u0105 jakie\u015b wymagania dotycz\u0105ce kursu?<\/h4>\n<ul>\n<li>Nie musisz nic umie\u0107 &#8211; wszystkiego dowiesz si\u0119 z kursu \ud83d\ude42<\/li>\n<\/ul>\n<h4 class=\"ud-heading-sm\">Dla kogo jest ten kurs:<\/h4>\n<ul>\n<li>Osoby chc\u0105ce poprawi\u0107 pewno\u015b\u0107 siebie<\/li>\n<\/ul>\n<\/div>\n","protected":false},"excerpt":{"rendered":"<p>Kurs sk\u0142ada si\u0119 z mini-lekcji, a lekcje tworz\u0105 modu\u0142y. Zapoznaj si\u0119 z ich tre\u015bci\u0105. MODU\u0141 1 TWOJE KORZY\u015aCI poznasz zasady&hellip;<\/p>\n","protected":false},"featured_media":520,"comment_status":"open","ping_status":"closed","template":"","meta":{"_mi_skip_tracking":false,"_monsterinsights_sitenote_active":false,"_monsterinsights_sitenote_note":"","_monsterinsights_sitenote_category":0},"product_cat":[28],"product_tag":[],"class_list":["post-519","product","type-product","status-publish","has-post-thumbnail","hentry","product_cat-kursy-online"],"yoast_head":"<!-- This site is optimized with the Yoast SEO plugin v24.9 - https:\/\/yoast.com\/wordpress\/plugins\/seo\/ -->\n<title>Wzmocnij pewno\u015b\u0107 siebie - KURS ONLINE -<\/title>\n<meta name=\"robots\" content=\"index, follow, max-snippet:-1, max-image-preview:large, max-video-preview:-1\" \/>\n<link rel=\"canonical\" href=\"https:\/\/sklep.psychologmarialucjan.pl\/index.php\/produkt\/wzmocnij-pewnosc-siebie-kurs-online\/\" \/>\n<meta property=\"og:locale\" content=\"pl_PL\" \/>\n<meta property=\"og:type\" content=\"article\" \/>\n<meta property=\"og:title\" content=\"Wzmocnij pewno\u015b\u0107 siebie - KURS ONLINE -\" \/>\n<meta property=\"og:description\" content=\"Kurs sk\u0142ada si\u0119 z mini-lekcji, a lekcje tworz\u0105 modu\u0142y. Zapoznaj si\u0119 z ich tre\u015bci\u0105. MODU\u0141 1 TWOJE KORZY\u015aCI poznasz zasady&hellip;\" \/>\n<meta property=\"og:url\" content=\"https:\/\/sklep.psychologmarialucjan.pl\/index.php\/produkt\/wzmocnij-pewnosc-siebie-kurs-online\/\" \/>\n<meta property=\"article:modified_time\" content=\"2025-04-05T04:05:05+00:00\" \/>\n<meta property=\"og:image\" content=\"https:\/\/sklep.psychologmarialucjan.pl\/wp-content\/uploads\/2022\/11\/wyrozumiale-przypomnienia-13.png\" \/>\n\t<meta property=\"og:image:width\" content=\"1080\" \/>\n\t<meta property=\"og:image:height\" content=\"1080\" \/>\n\t<meta property=\"og:image:type\" content=\"image\/png\" \/>\n<meta name=\"twitter:card\" content=\"summary_large_image\" \/>\n<meta name=\"twitter:label1\" content=\"Szacowany czas czytania\" \/>\n\t<meta name=\"twitter:data1\" content=\"3 minuty\" \/>\n<script type=\"application\/ld+json\" class=\"yoast-schema-graph\">{\"@context\":\"https:\/\/schema.org\",\"@graph\":[{\"@type\":\"WebPage\",\"@id\":\"https:\/\/sklep.psychologmarialucjan.pl\/index.php\/produkt\/wzmocnij-pewnosc-siebie-kurs-online\/\",\"url\":\"https:\/\/sklep.psychologmarialucjan.pl\/index.php\/produkt\/wzmocnij-pewnosc-siebie-kurs-online\/\",\"name\":\"Wzmocnij pewno\u015b\u0107 siebie - KURS ONLINE -\",\"isPartOf\":{\"@id\":\"https:\/\/sklep.psychologmarialucjan.pl\/#website\"},\"primaryImageOfPage\":{\"@id\":\"https:\/\/sklep.psychologmarialucjan.pl\/index.php\/produkt\/wzmocnij-pewnosc-siebie-kurs-online\/#primaryimage\"},\"image\":{\"@id\":\"https:\/\/sklep.psychologmarialucjan.pl\/index.php\/produkt\/wzmocnij-pewnosc-siebie-kurs-online\/#primaryimage\"},\"thumbnailUrl\":\"https:\/\/sklep.psychologmarialucjan.pl\/wp-content\/uploads\/2022\/11\/wyrozumiale-przypomnienia-13.png\",\"datePublished\":\"2022-11-24T12:36:01+00:00\",\"dateModified\":\"2025-04-05T04:05:05+00:00\",\"breadcrumb\":{\"@id\":\"https:\/\/sklep.psychologmarialucjan.pl\/index.php\/produkt\/wzmocnij-pewnosc-siebie-kurs-online\/#breadcrumb\"},\"inLanguage\":\"pl-PL\",\"potentialAction\":[{\"@type\":\"ReadAction\",\"target\":[\"https:\/\/sklep.psychologmarialucjan.pl\/index.php\/produkt\/wzmocnij-pewnosc-siebie-kurs-online\/\"]}]},{\"@type\":\"ImageObject\",\"inLanguage\":\"pl-PL\",\"@id\":\"https:\/\/sklep.psychologmarialucjan.pl\/index.php\/produkt\/wzmocnij-pewnosc-siebie-kurs-online\/#primaryimage\",\"url\":\"https:\/\/sklep.psychologmarialucjan.pl\/wp-content\/uploads\/2022\/11\/wyrozumiale-przypomnienia-13.png\",\"contentUrl\":\"https:\/\/sklep.psychologmarialucjan.pl\/wp-content\/uploads\/2022\/11\/wyrozumiale-przypomnienia-13.png\",\"width\":1080,\"height\":1080},{\"@type\":\"BreadcrumbList\",\"@id\":\"https:\/\/sklep.psychologmarialucjan.pl\/index.php\/produkt\/wzmocnij-pewnosc-siebie-kurs-online\/#breadcrumb\",\"itemListElement\":[{\"@type\":\"ListItem\",\"position\":1,\"name\":\"Strona g\u0142\u00f3wna\",\"item\":\"https:\/\/sklep.psychologmarialucjan.pl\/\"},{\"@type\":\"ListItem\",\"position\":2,\"name\":\"Shop\",\"item\":\"https:\/\/sklep.psychologmarialucjan.pl\/index.php\/shop__trashed\/shop\/\"},{\"@type\":\"ListItem\",\"position\":3,\"name\":\"Wzmocnij pewno\u015b\u0107 siebie &#8211; KURS ONLINE\"}]},{\"@type\":\"WebSite\",\"@id\":\"https:\/\/sklep.psychologmarialucjan.pl\/#website\",\"url\":\"https:\/\/sklep.psychologmarialucjan.pl\/\",\"name\":\"\",\"description\":\"\",\"potentialAction\":[{\"@type\":\"SearchAction\",\"target\":{\"@type\":\"EntryPoint\",\"urlTemplate\":\"https:\/\/sklep.psychologmarialucjan.pl\/?s={search_term_string}\"},\"query-input\":{\"@type\":\"PropertyValueSpecification\",\"valueRequired\":true,\"valueName\":\"search_term_string\"}}],\"inLanguage\":\"pl-PL\"}]}<\/script>\n<!-- \/ Yoast SEO plugin. -->","yoast_head_json":{"title":"Wzmocnij pewno\u015b\u0107 siebie - KURS ONLINE -","robots":{"index":"index","follow":"follow","max-snippet":"max-snippet:-1","max-image-preview":"max-image-preview:large","max-video-preview":"max-video-preview:-1"},"canonical":"https:\/\/sklep.psychologmarialucjan.pl\/index.php\/produkt\/wzmocnij-pewnosc-siebie-kurs-online\/","og_locale":"pl_PL","og_type":"article","og_title":"Wzmocnij pewno\u015b\u0107 siebie - KURS ONLINE -","og_description":"Kurs sk\u0142ada si\u0119 z mini-lekcji, a lekcje tworz\u0105 modu\u0142y. Zapoznaj si\u0119 z ich tre\u015bci\u0105. MODU\u0141 1 TWOJE KORZY\u015aCI poznasz zasady&hellip;","og_url":"https:\/\/sklep.psychologmarialucjan.pl\/index.php\/produkt\/wzmocnij-pewnosc-siebie-kurs-online\/","article_modified_time":"2025-04-05T04:05:05+00:00","og_image":[{"width":1080,"height":1080,"url":"https:\/\/sklep.psychologmarialucjan.pl\/wp-content\/uploads\/2022\/11\/wyrozumiale-przypomnienia-13.png","type":"image\/png"}],"twitter_card":"summary_large_image","twitter_misc":{"Szacowany czas czytania":"3 minuty"},"schema":{"@context":"https:\/\/schema.org","@graph":[{"@type":"WebPage","@id":"https:\/\/sklep.psychologmarialucjan.pl\/index.php\/produkt\/wzmocnij-pewnosc-siebie-kurs-online\/","url":"https:\/\/sklep.psychologmarialucjan.pl\/index.php\/produkt\/wzmocnij-pewnosc-siebie-kurs-online\/","name":"Wzmocnij pewno\u015b\u0107 siebie - KURS ONLINE -","isPartOf":{"@id":"https:\/\/sklep.psychologmarialucjan.pl\/#website"},"primaryImageOfPage":{"@id":"https:\/\/sklep.psychologmarialucjan.pl\/index.php\/produkt\/wzmocnij-pewnosc-siebie-kurs-online\/#primaryimage"},"image":{"@id":"https:\/\/sklep.psychologmarialucjan.pl\/index.php\/produkt\/wzmocnij-pewnosc-siebie-kurs-online\/#primaryimage"},"thumbnailUrl":"https:\/\/sklep.psychologmarialucjan.pl\/wp-content\/uploads\/2022\/11\/wyrozumiale-przypomnienia-13.png","datePublished":"2022-11-24T12:36:01+00:00","dateModified":"2025-04-05T04:05:05+00:00","breadcrumb":{"@id":"https:\/\/sklep.psychologmarialucjan.pl\/index.php\/produkt\/wzmocnij-pewnosc-siebie-kurs-online\/#breadcrumb"},"inLanguage":"pl-PL","potentialAction":[{"@type":"ReadAction","target":["https:\/\/sklep.psychologmarialucjan.pl\/index.php\/produkt\/wzmocnij-pewnosc-siebie-kurs-online\/"]}]},{"@type":"ImageObject","inLanguage":"pl-PL","@id":"https:\/\/sklep.psychologmarialucjan.pl\/index.php\/produkt\/wzmocnij-pewnosc-siebie-kurs-online\/#primaryimage","url":"https:\/\/sklep.psychologmarialucjan.pl\/wp-content\/uploads\/2022\/11\/wyrozumiale-przypomnienia-13.png","contentUrl":"https:\/\/sklep.psychologmarialucjan.pl\/wp-content\/uploads\/2022\/11\/wyrozumiale-przypomnienia-13.png","width":1080,"height":1080},{"@type":"BreadcrumbList","@id":"https:\/\/sklep.psychologmarialucjan.pl\/index.php\/produkt\/wzmocnij-pewnosc-siebie-kurs-online\/#breadcrumb","itemListElement":[{"@type":"ListItem","position":1,"name":"Strona g\u0142\u00f3wna","item":"https:\/\/sklep.psychologmarialucjan.pl\/"},{"@type":"ListItem","position":2,"name":"Shop","item":"https:\/\/sklep.psychologmarialucjan.pl\/index.php\/shop__trashed\/shop\/"},{"@type":"ListItem","position":3,"name":"Wzmocnij pewno\u015b\u0107 siebie &#8211; KURS ONLINE"}]},{"@type":"WebSite","@id":"https:\/\/sklep.psychologmarialucjan.pl\/#website","url":"https:\/\/sklep.psychologmarialucjan.pl\/","name":"","description":"","potentialAction":[{"@type":"SearchAction","target":{"@type":"EntryPoint","urlTemplate":"https:\/\/sklep.psychologmarialucjan.pl\/?s={search_term_string}"},"query-input":{"@type":"PropertyValueSpecification","valueRequired":true,"valueName":"search_term_string"}}],"inLanguage":"pl-PL"}]}},"_links":{"self":[{"href":"https:\/\/sklep.psychologmarialucjan.pl\/index.php\/wp-json\/wp\/v2\/product\/519","targetHints":{"allow":["GET"]}}],"collection":[{"href":"https:\/\/sklep.psychologmarialucjan.pl\/index.php\/wp-json\/wp\/v2\/product"}],"about":[{"href":"https:\/\/sklep.psychologmarialucjan.pl\/index.php\/wp-json\/wp\/v2\/types\/product"}],"replies":[{"embeddable":true,"href":"https:\/\/sklep.psychologmarialucjan.pl\/index.php\/wp-json\/wp\/v2\/comments?post=519"}],"wp:featuredmedia":[{"embeddable":true,"href":"https:\/\/sklep.psychologmarialucjan.pl\/index.php\/wp-json\/wp\/v2\/media\/520"}],"wp:attachment":[{"href":"https:\/\/sklep.psychologmarialucjan.pl\/index.php\/wp-json\/wp\/v2\/media?parent=519"}],"wp:term":[{"taxonomy":"product_cat","embeddable":true,"href":"https:\/\/sklep.psychologmarialucjan.pl\/index.php\/wp-json\/wp\/v2\/product_cat?post=519"},{"taxonomy":"product_tag","embeddable":true,"href":"https:\/\/sklep.psychologmarialucjan.pl\/index.php\/wp-json\/wp\/v2\/product_tag?post=519"}],"curies":[{"name":"wp","href":"https:\/\/api.w.org\/{rel}","templated":true}]}}