{"id":509,"date":"2022-11-24T13:09:57","date_gmt":"2022-11-24T12:09:57","guid":{"rendered":"https:\/\/sklep.psychologmarialucjan.pl\/?post_type=product&#038;p=509"},"modified":"2022-11-24T14:08:01","modified_gmt":"2022-11-24T13:08:01","slug":"konsultacja-psychologiczna-bon-prezentowy","status":"publish","type":"product","link":"https:\/\/sklep.psychologmarialucjan.pl\/index.php\/produkt\/konsultacja-psychologiczna-bon-prezentowy\/","title":{"rendered":"Konsultacja psychologiczna &#8211; BON PREZENTOWY"},"content":{"rendered":"<h4>Konsultacja psychologiczna &#8211; BON PREZENTOWY<\/h4>\n<p>Zam\u00f3w konsultacj\u0119 psychologiczn\u0105 jako prezent dla siebie lub innej osoby.<\/p>\n<p>Po zam\u00f3wieniu bonu otrzymasz kart\u0119 prezentow\u0105 w formacie PDF do samodzielnego wydruku.<\/p>\n<p>Znajdziesz na niej specjalny kod z kt\u00f3rym dowolna osoba mo\u017ce um\u00f3wi\u0107 konsultacj\u0119 psychologiczn\u0105 stacjonarnie lub online.<\/p>\n<h4>Konsultacja psychologiczna &#8211; BON PREZENTOWY &#8211; jak to dzia\u0142a<\/h4>\n<p class=\"_04xlpA direction-ltr align-start para-style-body\"><span class=\"JsGRdQ\">Jak um\u00f3wi\u0107 si\u0119 na spotkanie:<\/span><\/p>\n<ul>\n<li><span class=\"JsGRdQ\">Napisz e-mail na adres: <strong>marysia.lucjan@gmail.com<\/strong> i podaj:<\/span><\/li>\n<li><span class=\"JsGRdQ\">kod bonu prezentowego, kt\u00f3ry otrzymasz na karcie prezentowej<\/span><\/li>\n<li><span class=\"JsGRdQ\">preferowan\u0105 form\u0119 spotkania (na \u017cywo w gabinecie w Lublinie lub online).<\/span><\/li>\n<li><span class=\"JsGRdQ\">razem ustalimy termin spotkania<\/span><\/li>\n<\/ul>\n<p>Je\u015bli zostanie wybrane spotkanie na \u017cywo zobaczymy si\u0119 w gabinecie w Lublinie przy ulicy Lipowej 20\/4. Je\u015bli wybierane zostanie spotkanie online &#8211; wy\u015bl\u0119 informacje o tym, jak do\u0142\u0105czy\u0107 do spotkania (specjalny link do spotkania video, w trakcie kt\u00f3rego widzimy si\u0119 i s\u0142yszymy.)<\/p>\n<p>Konsultacja psychologiczna trwa 50 minut.<\/p>\n<p style=\"text-align: center;\">Zobacz te\u017c produkt <a href=\"https:\/\/sklep.psychologmarialucjan.pl\/index.php\/produkt\/30-dni-selfcare\/\" target=\"_blank\" rel=\"noopener\">&#8222;30 dni SELFCARE&#8221;.<\/a><\/p>\n<p><a href=\"https:\/\/sklep.psychologmarialucjan.pl\/index.php\/produkt\/30-dni-selfcare\/\" target=\"_blank\" rel=\"noopener\"><img loading=\"lazy\" decoding=\"async\" class=\"size-medium wp-image-499 aligncenter\" src=\"https:\/\/sklep.psychologmarialucjan.pl\/wp-content\/uploads\/2019\/04\/wyrozumiale-przypomnienia-9-300x300.png\" alt=\"30 dni selfcare\" width=\"300\" height=\"300\" srcset=\"https:\/\/sklep.psychologmarialucjan.pl\/wp-content\/uploads\/2019\/04\/wyrozumiale-przypomnienia-9-300x300.png 300w, https:\/\/sklep.psychologmarialucjan.pl\/wp-content\/uploads\/2019\/04\/wyrozumiale-przypomnienia-9-1024x1024.png 1024w, https:\/\/sklep.psychologmarialucjan.pl\/wp-content\/uploads\/2019\/04\/wyrozumiale-przypomnienia-9-150x150.png 150w, https:\/\/sklep.psychologmarialucjan.pl\/wp-content\/uploads\/2019\/04\/wyrozumiale-przypomnienia-9-768x768.png 768w, https:\/\/sklep.psychologmarialucjan.pl\/wp-content\/uploads\/2019\/04\/wyrozumiale-przypomnienia-9-600x600.png 600w, https:\/\/sklep.psychologmarialucjan.pl\/wp-content\/uploads\/2019\/04\/wyrozumiale-przypomnienia-9-100x100.png 100w, https:\/\/sklep.psychologmarialucjan.pl\/wp-content\/uploads\/2019\/04\/wyrozumiale-przypomnienia-9.png 1080w\" sizes=\"auto, (max-width: 300px) 100vw, 300px\" \/><\/a><\/p>\n<p style=\"text-align: center;\">Odwied\u017a mnie na <a href=\"https:\/\/www.instagram.com\/marysia.lucjan\/\" target=\"_blank\" rel=\"noopener\">INSTAGRAMIE<\/a><\/p>\n","protected":false},"excerpt":{"rendered":"<p>Konsultacja psychologiczna &#8211; BON PREZENTOWY Zam\u00f3w konsultacj\u0119 psychologiczn\u0105 jako prezent dla siebie lub innej osoby. Po zam\u00f3wieniu bonu otrzymasz kart\u0119&hellip;<\/p>\n","protected":false},"featured_media":510,"comment_status":"open","ping_status":"closed","template":"","meta":{"_mi_skip_tracking":false,"_monsterinsights_sitenote_active":false,"_monsterinsights_sitenote_note":"","_monsterinsights_sitenote_category":0},"product_cat":[15],"product_tag":[],"class_list":["post-509","product","type-product","status-publish","has-post-thumbnail","hentry","product_cat-bez-kategorii"],"yoast_head":"<!-- This site is optimized with the Yoast SEO plugin v24.9 - https:\/\/yoast.com\/wordpress\/plugins\/seo\/ -->\n<title>Konsultacja psychologiczna - BON PREZENTOWY -<\/title>\n<meta name=\"description\" content=\"Konsultacja psychologiczna - BON PREZENTOWY - zam\u00f3w i podaruj bon bliskiej osobie. Dbanie o swoje samopoczucie jest bardzo wa\u017cne\" \/>\n<meta name=\"robots\" content=\"index, follow, max-snippet:-1, max-image-preview:large, max-video-preview:-1\" \/>\n<link rel=\"canonical\" href=\"https:\/\/sklep.psychologmarialucjan.pl\/index.php\/produkt\/konsultacja-psychologiczna-bon-prezentowy\/\" \/>\n<meta property=\"og:locale\" content=\"pl_PL\" \/>\n<meta property=\"og:type\" content=\"article\" \/>\n<meta property=\"og:title\" content=\"Konsultacja psychologiczna - BON PREZENTOWY -\" \/>\n<meta property=\"og:description\" content=\"Konsultacja psychologiczna - BON PREZENTOWY - zam\u00f3w i podaruj bon bliskiej osobie. Dbanie o swoje samopoczucie jest bardzo wa\u017cne\" \/>\n<meta property=\"og:url\" content=\"https:\/\/sklep.psychologmarialucjan.pl\/index.php\/produkt\/konsultacja-psychologiczna-bon-prezentowy\/\" \/>\n<meta property=\"article:modified_time\" content=\"2022-11-24T13:08:01+00:00\" \/>\n<meta property=\"og:image\" content=\"https:\/\/sklep.psychologmarialucjan.pl\/wp-content\/uploads\/2022\/11\/wyrozumiale-przypomnienia-12.png\" \/>\n\t<meta property=\"og:image:width\" content=\"1080\" \/>\n\t<meta property=\"og:image:height\" content=\"1080\" \/>\n\t<meta property=\"og:image:type\" content=\"image\/png\" \/>\n<meta name=\"twitter:card\" content=\"summary_large_image\" \/>\n<meta name=\"twitter:label1\" content=\"Szacowany czas czytania\" \/>\n\t<meta name=\"twitter:data1\" content=\"2 minuty\" \/>\n<script type=\"application\/ld+json\" class=\"yoast-schema-graph\">{\"@context\":\"https:\/\/schema.org\",\"@graph\":[{\"@type\":\"WebPage\",\"@id\":\"https:\/\/sklep.psychologmarialucjan.pl\/index.php\/produkt\/konsultacja-psychologiczna-bon-prezentowy\/\",\"url\":\"https:\/\/sklep.psychologmarialucjan.pl\/index.php\/produkt\/konsultacja-psychologiczna-bon-prezentowy\/\",\"name\":\"Konsultacja psychologiczna - BON PREZENTOWY -\",\"isPartOf\":{\"@id\":\"https:\/\/sklep.psychologmarialucjan.pl\/#website\"},\"primaryImageOfPage\":{\"@id\":\"https:\/\/sklep.psychologmarialucjan.pl\/index.php\/produkt\/konsultacja-psychologiczna-bon-prezentowy\/#primaryimage\"},\"image\":{\"@id\":\"https:\/\/sklep.psychologmarialucjan.pl\/index.php\/produkt\/konsultacja-psychologiczna-bon-prezentowy\/#primaryimage\"},\"thumbnailUrl\":\"https:\/\/sklep.psychologmarialucjan.pl\/wp-content\/uploads\/2022\/11\/wyrozumiale-przypomnienia-12.png\",\"datePublished\":\"2022-11-24T12:09:57+00:00\",\"dateModified\":\"2022-11-24T13:08:01+00:00\",\"description\":\"Konsultacja psychologiczna - BON PREZENTOWY - zam\u00f3w i podaruj bon bliskiej osobie. Dbanie o swoje samopoczucie jest bardzo wa\u017cne\",\"breadcrumb\":{\"@id\":\"https:\/\/sklep.psychologmarialucjan.pl\/index.php\/produkt\/konsultacja-psychologiczna-bon-prezentowy\/#breadcrumb\"},\"inLanguage\":\"pl-PL\",\"potentialAction\":[{\"@type\":\"ReadAction\",\"target\":[\"https:\/\/sklep.psychologmarialucjan.pl\/index.php\/produkt\/konsultacja-psychologiczna-bon-prezentowy\/\"]}]},{\"@type\":\"ImageObject\",\"inLanguage\":\"pl-PL\",\"@id\":\"https:\/\/sklep.psychologmarialucjan.pl\/index.php\/produkt\/konsultacja-psychologiczna-bon-prezentowy\/#primaryimage\",\"url\":\"https:\/\/sklep.psychologmarialucjan.pl\/wp-content\/uploads\/2022\/11\/wyrozumiale-przypomnienia-12.png\",\"contentUrl\":\"https:\/\/sklep.psychologmarialucjan.pl\/wp-content\/uploads\/2022\/11\/wyrozumiale-przypomnienia-12.png\",\"width\":1080,\"height\":1080,\"caption\":\"konsultacja psychologiczna - bon\"},{\"@type\":\"BreadcrumbList\",\"@id\":\"https:\/\/sklep.psychologmarialucjan.pl\/index.php\/produkt\/konsultacja-psychologiczna-bon-prezentowy\/#breadcrumb\",\"itemListElement\":[{\"@type\":\"ListItem\",\"position\":1,\"name\":\"Strona g\u0142\u00f3wna\",\"item\":\"https:\/\/sklep.psychologmarialucjan.pl\/\"},{\"@type\":\"ListItem\",\"position\":2,\"name\":\"Shop\",\"item\":\"https:\/\/sklep.psychologmarialucjan.pl\/index.php\/shop__trashed\/shop\/\"},{\"@type\":\"ListItem\",\"position\":3,\"name\":\"Konsultacja psychologiczna &#8211; BON PREZENTOWY\"}]},{\"@type\":\"WebSite\",\"@id\":\"https:\/\/sklep.psychologmarialucjan.pl\/#website\",\"url\":\"https:\/\/sklep.psychologmarialucjan.pl\/\",\"name\":\"\",\"description\":\"\",\"potentialAction\":[{\"@type\":\"SearchAction\",\"target\":{\"@type\":\"EntryPoint\",\"urlTemplate\":\"https:\/\/sklep.psychologmarialucjan.pl\/?s={search_term_string}\"},\"query-input\":{\"@type\":\"PropertyValueSpecification\",\"valueRequired\":true,\"valueName\":\"search_term_string\"}}],\"inLanguage\":\"pl-PL\"}]}<\/script>\n<!-- \/ Yoast SEO plugin. -->","yoast_head_json":{"title":"Konsultacja psychologiczna - BON PREZENTOWY -","description":"Konsultacja psychologiczna - BON PREZENTOWY - zam\u00f3w i podaruj bon bliskiej osobie. Dbanie o swoje samopoczucie jest bardzo wa\u017cne","robots":{"index":"index","follow":"follow","max-snippet":"max-snippet:-1","max-image-preview":"max-image-preview:large","max-video-preview":"max-video-preview:-1"},"canonical":"https:\/\/sklep.psychologmarialucjan.pl\/index.php\/produkt\/konsultacja-psychologiczna-bon-prezentowy\/","og_locale":"pl_PL","og_type":"article","og_title":"Konsultacja psychologiczna - BON PREZENTOWY -","og_description":"Konsultacja psychologiczna - BON PREZENTOWY - zam\u00f3w i podaruj bon bliskiej osobie. Dbanie o swoje samopoczucie jest bardzo wa\u017cne","og_url":"https:\/\/sklep.psychologmarialucjan.pl\/index.php\/produkt\/konsultacja-psychologiczna-bon-prezentowy\/","article_modified_time":"2022-11-24T13:08:01+00:00","og_image":[{"width":1080,"height":1080,"url":"https:\/\/sklep.psychologmarialucjan.pl\/wp-content\/uploads\/2022\/11\/wyrozumiale-przypomnienia-12.png","type":"image\/png"}],"twitter_card":"summary_large_image","twitter_misc":{"Szacowany czas czytania":"2 minuty"},"schema":{"@context":"https:\/\/schema.org","@graph":[{"@type":"WebPage","@id":"https:\/\/sklep.psychologmarialucjan.pl\/index.php\/produkt\/konsultacja-psychologiczna-bon-prezentowy\/","url":"https:\/\/sklep.psychologmarialucjan.pl\/index.php\/produkt\/konsultacja-psychologiczna-bon-prezentowy\/","name":"Konsultacja psychologiczna - BON PREZENTOWY -","isPartOf":{"@id":"https:\/\/sklep.psychologmarialucjan.pl\/#website"},"primaryImageOfPage":{"@id":"https:\/\/sklep.psychologmarialucjan.pl\/index.php\/produkt\/konsultacja-psychologiczna-bon-prezentowy\/#primaryimage"},"image":{"@id":"https:\/\/sklep.psychologmarialucjan.pl\/index.php\/produkt\/konsultacja-psychologiczna-bon-prezentowy\/#primaryimage"},"thumbnailUrl":"https:\/\/sklep.psychologmarialucjan.pl\/wp-content\/uploads\/2022\/11\/wyrozumiale-przypomnienia-12.png","datePublished":"2022-11-24T12:09:57+00:00","dateModified":"2022-11-24T13:08:01+00:00","description":"Konsultacja psychologiczna - BON PREZENTOWY - zam\u00f3w i podaruj bon bliskiej osobie. Dbanie o swoje samopoczucie jest bardzo wa\u017cne","breadcrumb":{"@id":"https:\/\/sklep.psychologmarialucjan.pl\/index.php\/produkt\/konsultacja-psychologiczna-bon-prezentowy\/#breadcrumb"},"inLanguage":"pl-PL","potentialAction":[{"@type":"ReadAction","target":["https:\/\/sklep.psychologmarialucjan.pl\/index.php\/produkt\/konsultacja-psychologiczna-bon-prezentowy\/"]}]},{"@type":"ImageObject","inLanguage":"pl-PL","@id":"https:\/\/sklep.psychologmarialucjan.pl\/index.php\/produkt\/konsultacja-psychologiczna-bon-prezentowy\/#primaryimage","url":"https:\/\/sklep.psychologmarialucjan.pl\/wp-content\/uploads\/2022\/11\/wyrozumiale-przypomnienia-12.png","contentUrl":"https:\/\/sklep.psychologmarialucjan.pl\/wp-content\/uploads\/2022\/11\/wyrozumiale-przypomnienia-12.png","width":1080,"height":1080,"caption":"konsultacja psychologiczna - bon"},{"@type":"BreadcrumbList","@id":"https:\/\/sklep.psychologmarialucjan.pl\/index.php\/produkt\/konsultacja-psychologiczna-bon-prezentowy\/#breadcrumb","itemListElement":[{"@type":"ListItem","position":1,"name":"Strona g\u0142\u00f3wna","item":"https:\/\/sklep.psychologmarialucjan.pl\/"},{"@type":"ListItem","position":2,"name":"Shop","item":"https:\/\/sklep.psychologmarialucjan.pl\/index.php\/shop__trashed\/shop\/"},{"@type":"ListItem","position":3,"name":"Konsultacja psychologiczna &#8211; BON PREZENTOWY"}]},{"@type":"WebSite","@id":"https:\/\/sklep.psychologmarialucjan.pl\/#website","url":"https:\/\/sklep.psychologmarialucjan.pl\/","name":"","description":"","potentialAction":[{"@type":"SearchAction","target":{"@type":"EntryPoint","urlTemplate":"https:\/\/sklep.psychologmarialucjan.pl\/?s={search_term_string}"},"query-input":{"@type":"PropertyValueSpecification","valueRequired":true,"valueName":"search_term_string"}}],"inLanguage":"pl-PL"}]}},"_links":{"self":[{"href":"https:\/\/sklep.psychologmarialucjan.pl\/index.php\/wp-json\/wp\/v2\/product\/509","targetHints":{"allow":["GET"]}}],"collection":[{"href":"https:\/\/sklep.psychologmarialucjan.pl\/index.php\/wp-json\/wp\/v2\/product"}],"about":[{"href":"https:\/\/sklep.psychologmarialucjan.pl\/index.php\/wp-json\/wp\/v2\/types\/product"}],"replies":[{"embeddable":true,"href":"https:\/\/sklep.psychologmarialucjan.pl\/index.php\/wp-json\/wp\/v2\/comments?post=509"}],"wp:featuredmedia":[{"embeddable":true,"href":"https:\/\/sklep.psychologmarialucjan.pl\/index.php\/wp-json\/wp\/v2\/media\/510"}],"wp:attachment":[{"href":"https:\/\/sklep.psychologmarialucjan.pl\/index.php\/wp-json\/wp\/v2\/media?parent=509"}],"wp:term":[{"taxonomy":"product_cat","embeddable":true,"href":"https:\/\/sklep.psychologmarialucjan.pl\/index.php\/wp-json\/wp\/v2\/product_cat?post=509"},{"taxonomy":"product_tag","embeddable":true,"href":"https:\/\/sklep.psychologmarialucjan.pl\/index.php\/wp-json\/wp\/v2\/product_tag?post=509"}],"curies":[{"name":"wp","href":"https:\/\/api.w.org\/{rel}","templated":true}]}}