{"id":505,"date":"2022-11-23T15:58:35","date_gmt":"2022-11-23T14:58:35","guid":{"rendered":"https:\/\/sklep.psychologmarialucjan.pl\/?post_type=product&#038;p=505"},"modified":"2022-11-26T00:21:42","modified_gmt":"2022-11-25T23:21:42","slug":"karty-dla-par-wieczor-pytan","status":"publish","type":"product","link":"https:\/\/sklep.psychologmarialucjan.pl\/index.php\/produkt\/karty-dla-par-wieczor-pytan\/","title":{"rendered":"Karty dla par &#8222;Wiecz\u00f3r pyta\u0144&#8221;"},"content":{"rendered":"<p>Karty z pytaniami dla par.<\/p>\n","protected":false},"excerpt":{"rendered":"<p>Karty z pytaniami dla par.<\/p>\n","protected":false},"featured_media":506,"comment_status":"open","ping_status":"closed","template":"","meta":{"_mi_skip_tracking":false,"_monsterinsights_sitenote_active":false,"_monsterinsights_sitenote_note":"","_monsterinsights_sitenote_category":0},"product_cat":[15],"product_tag":[],"class_list":["post-505","product","type-product","status-publish","has-post-thumbnail","hentry","product_cat-bez-kategorii"],"yoast_head":"<!-- This site is optimized with the Yoast SEO plugin v24.9 - https:\/\/yoast.com\/wordpress\/plugins\/seo\/ -->\n<title>Karty dla par &quot;Wiecz\u00f3r pyta\u0144&quot; -<\/title>\n<meta name=\"description\" content=\"Karty dla par. Zam\u00f3w i wydrukuj karty, aby stworzy\u0107 niesamowity wiecz\u00f3r pyta\u0144. B\u0119dzie to czas, w kt\u00f3rym mo\u017cecie pozna\u0107 si\u0119 lepiej.\" \/>\n<meta name=\"robots\" content=\"index, follow, max-snippet:-1, max-image-preview:large, max-video-preview:-1\" \/>\n<link rel=\"canonical\" href=\"https:\/\/sklep.psychologmarialucjan.pl\/index.php\/produkt\/karty-dla-par-wieczor-pytan\/\" \/>\n<meta property=\"og:locale\" content=\"pl_PL\" \/>\n<meta property=\"og:type\" content=\"article\" \/>\n<meta property=\"og:title\" content=\"Karty dla par &quot;Wiecz\u00f3r pyta\u0144&quot; -\" \/>\n<meta property=\"og:description\" content=\"Karty dla par. Zam\u00f3w i wydrukuj karty, aby stworzy\u0107 niesamowity wiecz\u00f3r pyta\u0144. B\u0119dzie to czas, w kt\u00f3rym mo\u017cecie pozna\u0107 si\u0119 lepiej.\" \/>\n<meta property=\"og:url\" content=\"https:\/\/sklep.psychologmarialucjan.pl\/index.php\/produkt\/karty-dla-par-wieczor-pytan\/\" \/>\n<meta property=\"article:modified_time\" content=\"2022-11-25T23:21:42+00:00\" \/>\n<meta property=\"og:image\" content=\"https:\/\/sklep.psychologmarialucjan.pl\/wp-content\/uploads\/2022\/11\/wyrozumiale-przypomnienia-10.png\" \/>\n\t<meta property=\"og:image:width\" content=\"1080\" \/>\n\t<meta property=\"og:image:height\" content=\"1080\" \/>\n\t<meta property=\"og:image:type\" content=\"image\/png\" \/>\n<meta name=\"twitter:card\" content=\"summary_large_image\" \/>\n<meta name=\"twitter:label1\" content=\"Szacowany czas czytania\" \/>\n\t<meta name=\"twitter:data1\" content=\"1 minuta\" \/>\n<script type=\"application\/ld+json\" class=\"yoast-schema-graph\">{\"@context\":\"https:\/\/schema.org\",\"@graph\":[{\"@type\":\"WebPage\",\"@id\":\"https:\/\/sklep.psychologmarialucjan.pl\/index.php\/produkt\/karty-dla-par-wieczor-pytan\/\",\"url\":\"https:\/\/sklep.psychologmarialucjan.pl\/index.php\/produkt\/karty-dla-par-wieczor-pytan\/\",\"name\":\"Karty dla par \\\"Wiecz\u00f3r pyta\u0144\\\" -\",\"isPartOf\":{\"@id\":\"https:\/\/sklep.psychologmarialucjan.pl\/#website\"},\"primaryImageOfPage\":{\"@id\":\"https:\/\/sklep.psychologmarialucjan.pl\/index.php\/produkt\/karty-dla-par-wieczor-pytan\/#primaryimage\"},\"image\":{\"@id\":\"https:\/\/sklep.psychologmarialucjan.pl\/index.php\/produkt\/karty-dla-par-wieczor-pytan\/#primaryimage\"},\"thumbnailUrl\":\"https:\/\/sklep.psychologmarialucjan.pl\/wp-content\/uploads\/2022\/11\/wyrozumiale-przypomnienia-10.png\",\"datePublished\":\"2022-11-23T14:58:35+00:00\",\"dateModified\":\"2022-11-25T23:21:42+00:00\",\"description\":\"Karty dla par. Zam\u00f3w i wydrukuj karty, aby stworzy\u0107 niesamowity wiecz\u00f3r pyta\u0144. B\u0119dzie to czas, w kt\u00f3rym mo\u017cecie pozna\u0107 si\u0119 lepiej.\",\"breadcrumb\":{\"@id\":\"https:\/\/sklep.psychologmarialucjan.pl\/index.php\/produkt\/karty-dla-par-wieczor-pytan\/#breadcrumb\"},\"inLanguage\":\"pl-PL\",\"potentialAction\":[{\"@type\":\"ReadAction\",\"target\":[\"https:\/\/sklep.psychologmarialucjan.pl\/index.php\/produkt\/karty-dla-par-wieczor-pytan\/\"]}]},{\"@type\":\"ImageObject\",\"inLanguage\":\"pl-PL\",\"@id\":\"https:\/\/sklep.psychologmarialucjan.pl\/index.php\/produkt\/karty-dla-par-wieczor-pytan\/#primaryimage\",\"url\":\"https:\/\/sklep.psychologmarialucjan.pl\/wp-content\/uploads\/2022\/11\/wyrozumiale-przypomnienia-10.png\",\"contentUrl\":\"https:\/\/sklep.psychologmarialucjan.pl\/wp-content\/uploads\/2022\/11\/wyrozumiale-przypomnienia-10.png\",\"width\":1080,\"height\":1080,\"caption\":\"karty dla par\"},{\"@type\":\"BreadcrumbList\",\"@id\":\"https:\/\/sklep.psychologmarialucjan.pl\/index.php\/produkt\/karty-dla-par-wieczor-pytan\/#breadcrumb\",\"itemListElement\":[{\"@type\":\"ListItem\",\"position\":1,\"name\":\"Strona g\u0142\u00f3wna\",\"item\":\"https:\/\/sklep.psychologmarialucjan.pl\/\"},{\"@type\":\"ListItem\",\"position\":2,\"name\":\"Shop\",\"item\":\"https:\/\/sklep.psychologmarialucjan.pl\/index.php\/shop__trashed\/shop\/\"},{\"@type\":\"ListItem\",\"position\":3,\"name\":\"Karty dla par &#8222;Wiecz\u00f3r pyta\u0144&#8221;\"}]},{\"@type\":\"WebSite\",\"@id\":\"https:\/\/sklep.psychologmarialucjan.pl\/#website\",\"url\":\"https:\/\/sklep.psychologmarialucjan.pl\/\",\"name\":\"\",\"description\":\"\",\"potentialAction\":[{\"@type\":\"SearchAction\",\"target\":{\"@type\":\"EntryPoint\",\"urlTemplate\":\"https:\/\/sklep.psychologmarialucjan.pl\/?s={search_term_string}\"},\"query-input\":{\"@type\":\"PropertyValueSpecification\",\"valueRequired\":true,\"valueName\":\"search_term_string\"}}],\"inLanguage\":\"pl-PL\"}]}<\/script>\n<!-- \/ Yoast SEO plugin. -->","yoast_head_json":{"title":"Karty dla par \"Wiecz\u00f3r pyta\u0144\" -","description":"Karty dla par. Zam\u00f3w i wydrukuj karty, aby stworzy\u0107 niesamowity wiecz\u00f3r pyta\u0144. B\u0119dzie to czas, w kt\u00f3rym mo\u017cecie pozna\u0107 si\u0119 lepiej.","robots":{"index":"index","follow":"follow","max-snippet":"max-snippet:-1","max-image-preview":"max-image-preview:large","max-video-preview":"max-video-preview:-1"},"canonical":"https:\/\/sklep.psychologmarialucjan.pl\/index.php\/produkt\/karty-dla-par-wieczor-pytan\/","og_locale":"pl_PL","og_type":"article","og_title":"Karty dla par \"Wiecz\u00f3r pyta\u0144\" -","og_description":"Karty dla par. Zam\u00f3w i wydrukuj karty, aby stworzy\u0107 niesamowity wiecz\u00f3r pyta\u0144. B\u0119dzie to czas, w kt\u00f3rym mo\u017cecie pozna\u0107 si\u0119 lepiej.","og_url":"https:\/\/sklep.psychologmarialucjan.pl\/index.php\/produkt\/karty-dla-par-wieczor-pytan\/","article_modified_time":"2022-11-25T23:21:42+00:00","og_image":[{"width":1080,"height":1080,"url":"https:\/\/sklep.psychologmarialucjan.pl\/wp-content\/uploads\/2022\/11\/wyrozumiale-przypomnienia-10.png","type":"image\/png"}],"twitter_card":"summary_large_image","twitter_misc":{"Szacowany czas czytania":"1 minuta"},"schema":{"@context":"https:\/\/schema.org","@graph":[{"@type":"WebPage","@id":"https:\/\/sklep.psychologmarialucjan.pl\/index.php\/produkt\/karty-dla-par-wieczor-pytan\/","url":"https:\/\/sklep.psychologmarialucjan.pl\/index.php\/produkt\/karty-dla-par-wieczor-pytan\/","name":"Karty dla par \"Wiecz\u00f3r pyta\u0144\" -","isPartOf":{"@id":"https:\/\/sklep.psychologmarialucjan.pl\/#website"},"primaryImageOfPage":{"@id":"https:\/\/sklep.psychologmarialucjan.pl\/index.php\/produkt\/karty-dla-par-wieczor-pytan\/#primaryimage"},"image":{"@id":"https:\/\/sklep.psychologmarialucjan.pl\/index.php\/produkt\/karty-dla-par-wieczor-pytan\/#primaryimage"},"thumbnailUrl":"https:\/\/sklep.psychologmarialucjan.pl\/wp-content\/uploads\/2022\/11\/wyrozumiale-przypomnienia-10.png","datePublished":"2022-11-23T14:58:35+00:00","dateModified":"2022-11-25T23:21:42+00:00","description":"Karty dla par. Zam\u00f3w i wydrukuj karty, aby stworzy\u0107 niesamowity wiecz\u00f3r pyta\u0144. B\u0119dzie to czas, w kt\u00f3rym mo\u017cecie pozna\u0107 si\u0119 lepiej.","breadcrumb":{"@id":"https:\/\/sklep.psychologmarialucjan.pl\/index.php\/produkt\/karty-dla-par-wieczor-pytan\/#breadcrumb"},"inLanguage":"pl-PL","potentialAction":[{"@type":"ReadAction","target":["https:\/\/sklep.psychologmarialucjan.pl\/index.php\/produkt\/karty-dla-par-wieczor-pytan\/"]}]},{"@type":"ImageObject","inLanguage":"pl-PL","@id":"https:\/\/sklep.psychologmarialucjan.pl\/index.php\/produkt\/karty-dla-par-wieczor-pytan\/#primaryimage","url":"https:\/\/sklep.psychologmarialucjan.pl\/wp-content\/uploads\/2022\/11\/wyrozumiale-przypomnienia-10.png","contentUrl":"https:\/\/sklep.psychologmarialucjan.pl\/wp-content\/uploads\/2022\/11\/wyrozumiale-przypomnienia-10.png","width":1080,"height":1080,"caption":"karty dla par"},{"@type":"BreadcrumbList","@id":"https:\/\/sklep.psychologmarialucjan.pl\/index.php\/produkt\/karty-dla-par-wieczor-pytan\/#breadcrumb","itemListElement":[{"@type":"ListItem","position":1,"name":"Strona g\u0142\u00f3wna","item":"https:\/\/sklep.psychologmarialucjan.pl\/"},{"@type":"ListItem","position":2,"name":"Shop","item":"https:\/\/sklep.psychologmarialucjan.pl\/index.php\/shop__trashed\/shop\/"},{"@type":"ListItem","position":3,"name":"Karty dla par &#8222;Wiecz\u00f3r pyta\u0144&#8221;"}]},{"@type":"WebSite","@id":"https:\/\/sklep.psychologmarialucjan.pl\/#website","url":"https:\/\/sklep.psychologmarialucjan.pl\/","name":"","description":"","potentialAction":[{"@type":"SearchAction","target":{"@type":"EntryPoint","urlTemplate":"https:\/\/sklep.psychologmarialucjan.pl\/?s={search_term_string}"},"query-input":{"@type":"PropertyValueSpecification","valueRequired":true,"valueName":"search_term_string"}}],"inLanguage":"pl-PL"}]}},"_links":{"self":[{"href":"https:\/\/sklep.psychologmarialucjan.pl\/index.php\/wp-json\/wp\/v2\/product\/505","targetHints":{"allow":["GET"]}}],"collection":[{"href":"https:\/\/sklep.psychologmarialucjan.pl\/index.php\/wp-json\/wp\/v2\/product"}],"about":[{"href":"https:\/\/sklep.psychologmarialucjan.pl\/index.php\/wp-json\/wp\/v2\/types\/product"}],"replies":[{"embeddable":true,"href":"https:\/\/sklep.psychologmarialucjan.pl\/index.php\/wp-json\/wp\/v2\/comments?post=505"}],"wp:featuredmedia":[{"embeddable":true,"href":"https:\/\/sklep.psychologmarialucjan.pl\/index.php\/wp-json\/wp\/v2\/media\/506"}],"wp:attachment":[{"href":"https:\/\/sklep.psychologmarialucjan.pl\/index.php\/wp-json\/wp\/v2\/media?parent=505"}],"wp:term":[{"taxonomy":"product_cat","embeddable":true,"href":"https:\/\/sklep.psychologmarialucjan.pl\/index.php\/wp-json\/wp\/v2\/product_cat?post=505"},{"taxonomy":"product_tag","embeddable":true,"href":"https:\/\/sklep.psychologmarialucjan.pl\/index.php\/wp-json\/wp\/v2\/product_tag?post=505"}],"curies":[{"name":"wp","href":"https:\/\/api.w.org\/{rel}","templated":true}]}}