{"id":343,"date":"2022-11-14T18:25:58","date_gmt":"2022-11-14T17:25:58","guid":{"rendered":"http:\/\/sklep.psychologmarialucjan.pl\/?post_type=product&#038;p=343"},"modified":"2024-07-08T10:00:52","modified_gmt":"2024-07-08T08:00:52","slug":"podsumowanie-roku-2023","status":"publish","type":"product","link":"https:\/\/sklep.psychologmarialucjan.pl\/index.php\/produkt\/podsumowanie-roku-2023\/","title":{"rendered":"Podsumowanie roku 2023"},"content":{"rendered":"<h3>Podsumowanie roku<\/h3>\n<p>Zam\u00f3w produkt w formie praktycznego work-booka. 8 obszar\u00f3w, \u0142\u0105cznie 80 pyta\u0144.<\/p>\n<p>Po op\u0142aceniu zam\u00f3wienia otrzymasz &#8222;Podsumowanie roku&#8221; w formie PDF gotowe do samodzielnego wydruku.<\/p>\n<h4>Po co robi\u0107 przegl\u0105d roku?<\/h4>\n<p>Przegl\u0105d roku, to podsumowanie, w kt\u00f3rym najwa\u017cniejsze jest zauwa\u017cenie swoich sukces\u00f3w. Pochwalenie si\u0119 za to, co si\u0119 uda\u0142o i przypomnienie sobie, z czego mo\u017cesz by\u0107 dumna. To te\u017c obserwacja tego, na co si\u0119 nie zdecydowa\u0142a\u015b, co Ci si\u0119 nie uda\u0142o. Nie chodzi o to, aby by\u0142o tylko s\u0142odko. Bo jak to w \u017cyciu &#8211; jest r\u00f3\u017cnie \ud83d\ude42<\/p>\n<h4>Jak przygotowa\u0107 si\u0119 do podsumowania roku?<\/h4>\n<p>Przygotuj notes, kalendarz, sprawd\u017a notatki w telefonie. Po prostu wszystko, gdzie zapisywa\u0142a\u015b, co dzia\u0142o si\u0119 w tym roku. Z tak\u0105 pomoc\u0105 b\u0119dzie Ci \u0142atwiej.<\/p>\n<p>Nast\u0119pnie przypomnij sobie, co si\u0119 dzia\u0142o, przypomnij sobie postanowienia, kt\u00f3re zrobi\u0142a\u015b rok temu.<\/p>\n<p>Zarezerwuj spokojny czas, wydrukuj podsumowanie wcze\u015bniej, postaraj si\u0119, aby w miar\u0119 mo\u017cliwo\u015bci nic Ci nie przeszkadza\u0142o. Dobrym pomys\u0142em jest zabranie podsumowania do kawiarni &#8211; na tak\u0105 randk\u0119 samej dla siebie. Mo\u017cna te\u017c um\u00f3wi\u0107 si\u0119 z drug\u0105 osob\u0105 na takie wsp\u00f3lne robienie podsumowania.<\/p>\n<p>&nbsp;<\/p>\n<p>&nbsp;<\/p>\n<p><img loading=\"lazy\" decoding=\"async\" class=\"size-medium wp-image-495 aligncenter\" src=\"https:\/\/sklep.psychologmarialucjan.pl\/wp-content\/uploads\/2022\/11\/wyrozumiale-przypomnienia-8-300x300.png\" alt=\"podsumowanie roku karty pracy\" width=\"300\" height=\"300\" srcset=\"https:\/\/sklep.psychologmarialucjan.pl\/wp-content\/uploads\/2022\/11\/wyrozumiale-przypomnienia-8-300x300.png 300w, https:\/\/sklep.psychologmarialucjan.pl\/wp-content\/uploads\/2022\/11\/wyrozumiale-przypomnienia-8-1024x1024.png 1024w, https:\/\/sklep.psychologmarialucjan.pl\/wp-content\/uploads\/2022\/11\/wyrozumiale-przypomnienia-8-150x150.png 150w, https:\/\/sklep.psychologmarialucjan.pl\/wp-content\/uploads\/2022\/11\/wyrozumiale-przypomnienia-8-768x768.png 768w, https:\/\/sklep.psychologmarialucjan.pl\/wp-content\/uploads\/2022\/11\/wyrozumiale-przypomnienia-8-600x600.png 600w, https:\/\/sklep.psychologmarialucjan.pl\/wp-content\/uploads\/2022\/11\/wyrozumiale-przypomnienia-8-100x100.png 100w, https:\/\/sklep.psychologmarialucjan.pl\/wp-content\/uploads\/2022\/11\/wyrozumiale-przypomnienia-8.png 1080w\" sizes=\"auto, (max-width: 300px) 100vw, 300px\" \/><\/p>\n<p style=\"text-align: center;\">Odwied\u017a mnie na<a href=\"https:\/\/www.instagram.com\/marysia.lucjan\/\" target=\"_blank\" rel=\"noopener\"> INSTAGRAMIE\u00a0<\/a><\/p>\n<p style=\"text-align: center;\">Sprawd\u017a r\u00f3wnie\u017c prezent dla par &#8211; <a href=\"https:\/\/sklep.psychologmarialucjan.pl\/index.php\/produkt\/karty-dla-par-wieczor-pytan\/\" target=\"_blank\" rel=\"noopener\">&#8222;Karty wiecz\u00f3r pyta\u0144&#8221;<\/a><\/p>\n<p>&nbsp;<\/p>\n","protected":false},"excerpt":{"rendered":"<p>Podsumowanie roku Zam\u00f3w produkt w formie praktycznego work-booka. 8 obszar\u00f3w, \u0142\u0105cznie 80 pyta\u0144. Po op\u0142aceniu zam\u00f3wienia otrzymasz &#8222;Podsumowanie roku&#8221; w&hellip;<\/p>\n","protected":false},"featured_media":495,"comment_status":"open","ping_status":"closed","template":"","meta":{"_mi_skip_tracking":false,"_monsterinsights_sitenote_active":false,"_monsterinsights_sitenote_note":"","_monsterinsights_sitenote_category":0},"product_cat":[27],"product_tag":[],"class_list":["post-343","product","type-product","status-publish","has-post-thumbnail","hentry","product_cat-workbooki"],"yoast_head":"<!-- This site is optimized with the Yoast SEO plugin v24.9 - https:\/\/yoast.com\/wordpress\/plugins\/seo\/ -->\n<title>Podsumowanie roku 2023 -<\/title>\n<meta name=\"description\" content=\"Podsumowanie roku 2022 w formie 8 obszar\u00f3w - \u0142\u0105cznie otrzymujesz 80 pyta\u0144, dzi\u0119ki kt\u00f3rym podsumujesz mijaj\u0105cy rok. \u015awietny pomys\u0142 na prezent!\" \/>\n<meta name=\"robots\" content=\"index, follow, max-snippet:-1, max-image-preview:large, max-video-preview:-1\" \/>\n<link rel=\"canonical\" href=\"https:\/\/sklep.psychologmarialucjan.pl\/index.php\/produkt\/podsumowanie-roku-2023\/\" \/>\n<meta property=\"og:locale\" content=\"pl_PL\" \/>\n<meta property=\"og:type\" content=\"article\" \/>\n<meta property=\"og:title\" content=\"Podsumowanie roku 2023 -\" \/>\n<meta property=\"og:description\" content=\"Podsumowanie roku 2022 w formie 8 obszar\u00f3w - \u0142\u0105cznie otrzymujesz 80 pyta\u0144, dzi\u0119ki kt\u00f3rym podsumujesz mijaj\u0105cy rok. \u015awietny pomys\u0142 na prezent!\" \/>\n<meta property=\"og:url\" content=\"https:\/\/sklep.psychologmarialucjan.pl\/index.php\/produkt\/podsumowanie-roku-2023\/\" \/>\n<meta property=\"article:modified_time\" content=\"2024-07-08T08:00:52+00:00\" \/>\n<meta property=\"og:image\" content=\"https:\/\/sklep.psychologmarialucjan.pl\/wp-content\/uploads\/2022\/11\/wyrozumiale-przypomnienia-8.png\" \/>\n\t<meta property=\"og:image:width\" content=\"1080\" \/>\n\t<meta property=\"og:image:height\" content=\"1080\" \/>\n\t<meta property=\"og:image:type\" content=\"image\/png\" \/>\n<meta name=\"twitter:card\" content=\"summary_large_image\" \/>\n<meta name=\"twitter:label1\" content=\"Szacowany czas czytania\" \/>\n\t<meta name=\"twitter:data1\" content=\"2 minuty\" \/>\n<script type=\"application\/ld+json\" class=\"yoast-schema-graph\">{\"@context\":\"https:\/\/schema.org\",\"@graph\":[{\"@type\":\"WebPage\",\"@id\":\"https:\/\/sklep.psychologmarialucjan.pl\/index.php\/produkt\/podsumowanie-roku-2023\/\",\"url\":\"https:\/\/sklep.psychologmarialucjan.pl\/index.php\/produkt\/podsumowanie-roku-2023\/\",\"name\":\"Podsumowanie roku 2023 -\",\"isPartOf\":{\"@id\":\"https:\/\/sklep.psychologmarialucjan.pl\/#website\"},\"primaryImageOfPage\":{\"@id\":\"https:\/\/sklep.psychologmarialucjan.pl\/index.php\/produkt\/podsumowanie-roku-2023\/#primaryimage\"},\"image\":{\"@id\":\"https:\/\/sklep.psychologmarialucjan.pl\/index.php\/produkt\/podsumowanie-roku-2023\/#primaryimage\"},\"thumbnailUrl\":\"https:\/\/sklep.psychologmarialucjan.pl\/wp-content\/uploads\/2022\/11\/wyrozumiale-przypomnienia-8.png\",\"datePublished\":\"2022-11-14T17:25:58+00:00\",\"dateModified\":\"2024-07-08T08:00:52+00:00\",\"description\":\"Podsumowanie roku 2022 w formie 8 obszar\u00f3w - \u0142\u0105cznie otrzymujesz 80 pyta\u0144, dzi\u0119ki kt\u00f3rym podsumujesz mijaj\u0105cy rok. \u015awietny pomys\u0142 na prezent!\",\"breadcrumb\":{\"@id\":\"https:\/\/sklep.psychologmarialucjan.pl\/index.php\/produkt\/podsumowanie-roku-2023\/#breadcrumb\"},\"inLanguage\":\"pl-PL\",\"potentialAction\":[{\"@type\":\"ReadAction\",\"target\":[\"https:\/\/sklep.psychologmarialucjan.pl\/index.php\/produkt\/podsumowanie-roku-2023\/\"]}]},{\"@type\":\"ImageObject\",\"inLanguage\":\"pl-PL\",\"@id\":\"https:\/\/sklep.psychologmarialucjan.pl\/index.php\/produkt\/podsumowanie-roku-2023\/#primaryimage\",\"url\":\"https:\/\/sklep.psychologmarialucjan.pl\/wp-content\/uploads\/2022\/11\/wyrozumiale-przypomnienia-8.png\",\"contentUrl\":\"https:\/\/sklep.psychologmarialucjan.pl\/wp-content\/uploads\/2022\/11\/wyrozumiale-przypomnienia-8.png\",\"width\":1080,\"height\":1080,\"caption\":\"podsumowanie roku karty pracy\"},{\"@type\":\"BreadcrumbList\",\"@id\":\"https:\/\/sklep.psychologmarialucjan.pl\/index.php\/produkt\/podsumowanie-roku-2023\/#breadcrumb\",\"itemListElement\":[{\"@type\":\"ListItem\",\"position\":1,\"name\":\"Strona g\u0142\u00f3wna\",\"item\":\"https:\/\/sklep.psychologmarialucjan.pl\/\"},{\"@type\":\"ListItem\",\"position\":2,\"name\":\"Shop\",\"item\":\"https:\/\/sklep.psychologmarialucjan.pl\/index.php\/shop__trashed\/shop\/\"},{\"@type\":\"ListItem\",\"position\":3,\"name\":\"Podsumowanie roku 2023\"}]},{\"@type\":\"WebSite\",\"@id\":\"https:\/\/sklep.psychologmarialucjan.pl\/#website\",\"url\":\"https:\/\/sklep.psychologmarialucjan.pl\/\",\"name\":\"\",\"description\":\"\",\"potentialAction\":[{\"@type\":\"SearchAction\",\"target\":{\"@type\":\"EntryPoint\",\"urlTemplate\":\"https:\/\/sklep.psychologmarialucjan.pl\/?s={search_term_string}\"},\"query-input\":{\"@type\":\"PropertyValueSpecification\",\"valueRequired\":true,\"valueName\":\"search_term_string\"}}],\"inLanguage\":\"pl-PL\"}]}<\/script>\n<!-- \/ Yoast SEO plugin. -->","yoast_head_json":{"title":"Podsumowanie roku 2023 -","description":"Podsumowanie roku 2022 w formie 8 obszar\u00f3w - \u0142\u0105cznie otrzymujesz 80 pyta\u0144, dzi\u0119ki kt\u00f3rym podsumujesz mijaj\u0105cy rok. \u015awietny pomys\u0142 na prezent!","robots":{"index":"index","follow":"follow","max-snippet":"max-snippet:-1","max-image-preview":"max-image-preview:large","max-video-preview":"max-video-preview:-1"},"canonical":"https:\/\/sklep.psychologmarialucjan.pl\/index.php\/produkt\/podsumowanie-roku-2023\/","og_locale":"pl_PL","og_type":"article","og_title":"Podsumowanie roku 2023 -","og_description":"Podsumowanie roku 2022 w formie 8 obszar\u00f3w - \u0142\u0105cznie otrzymujesz 80 pyta\u0144, dzi\u0119ki kt\u00f3rym podsumujesz mijaj\u0105cy rok. \u015awietny pomys\u0142 na prezent!","og_url":"https:\/\/sklep.psychologmarialucjan.pl\/index.php\/produkt\/podsumowanie-roku-2023\/","article_modified_time":"2024-07-08T08:00:52+00:00","og_image":[{"width":1080,"height":1080,"url":"https:\/\/sklep.psychologmarialucjan.pl\/wp-content\/uploads\/2022\/11\/wyrozumiale-przypomnienia-8.png","type":"image\/png"}],"twitter_card":"summary_large_image","twitter_misc":{"Szacowany czas czytania":"2 minuty"},"schema":{"@context":"https:\/\/schema.org","@graph":[{"@type":"WebPage","@id":"https:\/\/sklep.psychologmarialucjan.pl\/index.php\/produkt\/podsumowanie-roku-2023\/","url":"https:\/\/sklep.psychologmarialucjan.pl\/index.php\/produkt\/podsumowanie-roku-2023\/","name":"Podsumowanie roku 2023 -","isPartOf":{"@id":"https:\/\/sklep.psychologmarialucjan.pl\/#website"},"primaryImageOfPage":{"@id":"https:\/\/sklep.psychologmarialucjan.pl\/index.php\/produkt\/podsumowanie-roku-2023\/#primaryimage"},"image":{"@id":"https:\/\/sklep.psychologmarialucjan.pl\/index.php\/produkt\/podsumowanie-roku-2023\/#primaryimage"},"thumbnailUrl":"https:\/\/sklep.psychologmarialucjan.pl\/wp-content\/uploads\/2022\/11\/wyrozumiale-przypomnienia-8.png","datePublished":"2022-11-14T17:25:58+00:00","dateModified":"2024-07-08T08:00:52+00:00","description":"Podsumowanie roku 2022 w formie 8 obszar\u00f3w - \u0142\u0105cznie otrzymujesz 80 pyta\u0144, dzi\u0119ki kt\u00f3rym podsumujesz mijaj\u0105cy rok. \u015awietny pomys\u0142 na prezent!","breadcrumb":{"@id":"https:\/\/sklep.psychologmarialucjan.pl\/index.php\/produkt\/podsumowanie-roku-2023\/#breadcrumb"},"inLanguage":"pl-PL","potentialAction":[{"@type":"ReadAction","target":["https:\/\/sklep.psychologmarialucjan.pl\/index.php\/produkt\/podsumowanie-roku-2023\/"]}]},{"@type":"ImageObject","inLanguage":"pl-PL","@id":"https:\/\/sklep.psychologmarialucjan.pl\/index.php\/produkt\/podsumowanie-roku-2023\/#primaryimage","url":"https:\/\/sklep.psychologmarialucjan.pl\/wp-content\/uploads\/2022\/11\/wyrozumiale-przypomnienia-8.png","contentUrl":"https:\/\/sklep.psychologmarialucjan.pl\/wp-content\/uploads\/2022\/11\/wyrozumiale-przypomnienia-8.png","width":1080,"height":1080,"caption":"podsumowanie roku karty pracy"},{"@type":"BreadcrumbList","@id":"https:\/\/sklep.psychologmarialucjan.pl\/index.php\/produkt\/podsumowanie-roku-2023\/#breadcrumb","itemListElement":[{"@type":"ListItem","position":1,"name":"Strona g\u0142\u00f3wna","item":"https:\/\/sklep.psychologmarialucjan.pl\/"},{"@type":"ListItem","position":2,"name":"Shop","item":"https:\/\/sklep.psychologmarialucjan.pl\/index.php\/shop__trashed\/shop\/"},{"@type":"ListItem","position":3,"name":"Podsumowanie roku 2023"}]},{"@type":"WebSite","@id":"https:\/\/sklep.psychologmarialucjan.pl\/#website","url":"https:\/\/sklep.psychologmarialucjan.pl\/","name":"","description":"","potentialAction":[{"@type":"SearchAction","target":{"@type":"EntryPoint","urlTemplate":"https:\/\/sklep.psychologmarialucjan.pl\/?s={search_term_string}"},"query-input":{"@type":"PropertyValueSpecification","valueRequired":true,"valueName":"search_term_string"}}],"inLanguage":"pl-PL"}]}},"_links":{"self":[{"href":"https:\/\/sklep.psychologmarialucjan.pl\/index.php\/wp-json\/wp\/v2\/product\/343","targetHints":{"allow":["GET"]}}],"collection":[{"href":"https:\/\/sklep.psychologmarialucjan.pl\/index.php\/wp-json\/wp\/v2\/product"}],"about":[{"href":"https:\/\/sklep.psychologmarialucjan.pl\/index.php\/wp-json\/wp\/v2\/types\/product"}],"replies":[{"embeddable":true,"href":"https:\/\/sklep.psychologmarialucjan.pl\/index.php\/wp-json\/wp\/v2\/comments?post=343"}],"wp:featuredmedia":[{"embeddable":true,"href":"https:\/\/sklep.psychologmarialucjan.pl\/index.php\/wp-json\/wp\/v2\/media\/495"}],"wp:attachment":[{"href":"https:\/\/sklep.psychologmarialucjan.pl\/index.php\/wp-json\/wp\/v2\/media?parent=343"}],"wp:term":[{"taxonomy":"product_cat","embeddable":true,"href":"https:\/\/sklep.psychologmarialucjan.pl\/index.php\/wp-json\/wp\/v2\/product_cat?post=343"},{"taxonomy":"product_tag","embeddable":true,"href":"https:\/\/sklep.psychologmarialucjan.pl\/index.php\/wp-json\/wp\/v2\/product_tag?post=343"}],"curies":[{"name":"wp","href":"https:\/\/api.w.org\/{rel}","templated":true}]}}