{"id":23,"date":"2019-04-18T11:08:43","date_gmt":"2019-04-18T11:08:43","guid":{"rendered":"https:\/\/envothemes.com\/envo-ecommerce\/product\/import-placeholder-for-60\/"},"modified":"2022-11-26T00:21:41","modified_gmt":"2022-11-25T23:21:41","slug":"30-dni-selfcare","status":"publish","type":"product","link":"https:\/\/sklep.psychologmarialucjan.pl\/index.php\/produkt\/30-dni-selfcare\/","title":{"rendered":"30 dni SELF-CARE"},"content":{"rendered":"<p>Zam\u00f3w kart\u0119 30 dni SELF-CARE. Przez 30 dni wykonuj 1 ma\u0142e zadanie z karty i poczuj jak mo\u017cna dba\u0107 o siebie.<\/p>\n","protected":false},"excerpt":{"rendered":"<p>This is a grouped product.<\/p>\n","protected":false},"featured_media":499,"comment_status":"open","ping_status":"closed","template":"","meta":{"_mi_skip_tracking":false,"_monsterinsights_sitenote_active":false,"_monsterinsights_sitenote_note":"","_monsterinsights_sitenote_category":0},"product_cat":[24],"product_tag":[],"class_list":["post-23","product","type-product","status-publish","has-post-thumbnail","hentry","product_cat-karty-pracy"],"yoast_head":"<!-- This site is optimized with the Yoast SEO plugin v24.9 - https:\/\/yoast.com\/wordpress\/plugins\/seo\/ -->\n<title>30 dni SELF-CARE -<\/title>\n<meta name=\"description\" content=\"30 dni selfcare - kreatywny spos\u00f3b na prezent - zam\u00f3w kart\u0119 w formacie PDF - wydrukuj i gotowe ! Mo\u017cesz ju\u017c zacz\u0105\u0107 miesi\u0105c dbania o siebie.\" \/>\n<meta name=\"robots\" content=\"index, follow, max-snippet:-1, max-image-preview:large, max-video-preview:-1\" \/>\n<link rel=\"canonical\" href=\"https:\/\/sklep.psychologmarialucjan.pl\/index.php\/produkt\/30-dni-selfcare\/\" \/>\n<meta property=\"og:locale\" content=\"pl_PL\" \/>\n<meta property=\"og:type\" content=\"article\" \/>\n<meta property=\"og:title\" content=\"30 dni SELF-CARE -\" \/>\n<meta property=\"og:description\" content=\"30 dni selfcare - kreatywny spos\u00f3b na prezent - zam\u00f3w kart\u0119 w formacie PDF - wydrukuj i gotowe ! Mo\u017cesz ju\u017c zacz\u0105\u0107 miesi\u0105c dbania o siebie.\" \/>\n<meta property=\"og:url\" content=\"https:\/\/sklep.psychologmarialucjan.pl\/index.php\/produkt\/30-dni-selfcare\/\" \/>\n<meta property=\"article:modified_time\" content=\"2022-11-25T23:21:41+00:00\" \/>\n<meta property=\"og:image\" content=\"https:\/\/sklep.psychologmarialucjan.pl\/wp-content\/uploads\/2019\/04\/wyrozumiale-przypomnienia-9.png\" \/>\n\t<meta property=\"og:image:width\" content=\"1080\" \/>\n\t<meta property=\"og:image:height\" content=\"1080\" \/>\n\t<meta property=\"og:image:type\" content=\"image\/png\" \/>\n<meta name=\"twitter:card\" content=\"summary_large_image\" \/>\n<meta name=\"twitter:label1\" content=\"Szacowany czas czytania\" \/>\n\t<meta name=\"twitter:data1\" content=\"1 minuta\" \/>\n<script type=\"application\/ld+json\" class=\"yoast-schema-graph\">{\"@context\":\"https:\/\/schema.org\",\"@graph\":[{\"@type\":\"WebPage\",\"@id\":\"https:\/\/sklep.psychologmarialucjan.pl\/index.php\/produkt\/30-dni-selfcare\/\",\"url\":\"https:\/\/sklep.psychologmarialucjan.pl\/index.php\/produkt\/30-dni-selfcare\/\",\"name\":\"30 dni SELF-CARE -\",\"isPartOf\":{\"@id\":\"https:\/\/sklep.psychologmarialucjan.pl\/#website\"},\"primaryImageOfPage\":{\"@id\":\"https:\/\/sklep.psychologmarialucjan.pl\/index.php\/produkt\/30-dni-selfcare\/#primaryimage\"},\"image\":{\"@id\":\"https:\/\/sklep.psychologmarialucjan.pl\/index.php\/produkt\/30-dni-selfcare\/#primaryimage\"},\"thumbnailUrl\":\"https:\/\/sklep.psychologmarialucjan.pl\/wp-content\/uploads\/2019\/04\/wyrozumiale-przypomnienia-9.png\",\"datePublished\":\"2019-04-18T11:08:43+00:00\",\"dateModified\":\"2022-11-25T23:21:41+00:00\",\"description\":\"30 dni selfcare - kreatywny spos\u00f3b na prezent - zam\u00f3w kart\u0119 w formacie PDF - wydrukuj i gotowe ! Mo\u017cesz ju\u017c zacz\u0105\u0107 miesi\u0105c dbania o siebie.\",\"breadcrumb\":{\"@id\":\"https:\/\/sklep.psychologmarialucjan.pl\/index.php\/produkt\/30-dni-selfcare\/#breadcrumb\"},\"inLanguage\":\"pl-PL\",\"potentialAction\":[{\"@type\":\"ReadAction\",\"target\":[\"https:\/\/sklep.psychologmarialucjan.pl\/index.php\/produkt\/30-dni-selfcare\/\"]}]},{\"@type\":\"ImageObject\",\"inLanguage\":\"pl-PL\",\"@id\":\"https:\/\/sklep.psychologmarialucjan.pl\/index.php\/produkt\/30-dni-selfcare\/#primaryimage\",\"url\":\"https:\/\/sklep.psychologmarialucjan.pl\/wp-content\/uploads\/2019\/04\/wyrozumiale-przypomnienia-9.png\",\"contentUrl\":\"https:\/\/sklep.psychologmarialucjan.pl\/wp-content\/uploads\/2019\/04\/wyrozumiale-przypomnienia-9.png\",\"width\":1080,\"height\":1080,\"caption\":\"30 dni selfcare\"},{\"@type\":\"BreadcrumbList\",\"@id\":\"https:\/\/sklep.psychologmarialucjan.pl\/index.php\/produkt\/30-dni-selfcare\/#breadcrumb\",\"itemListElement\":[{\"@type\":\"ListItem\",\"position\":1,\"name\":\"Strona g\u0142\u00f3wna\",\"item\":\"https:\/\/sklep.psychologmarialucjan.pl\/\"},{\"@type\":\"ListItem\",\"position\":2,\"name\":\"Shop\",\"item\":\"https:\/\/sklep.psychologmarialucjan.pl\/index.php\/shop__trashed\/shop\/\"},{\"@type\":\"ListItem\",\"position\":3,\"name\":\"30 dni SELF-CARE\"}]},{\"@type\":\"WebSite\",\"@id\":\"https:\/\/sklep.psychologmarialucjan.pl\/#website\",\"url\":\"https:\/\/sklep.psychologmarialucjan.pl\/\",\"name\":\"\",\"description\":\"\",\"potentialAction\":[{\"@type\":\"SearchAction\",\"target\":{\"@type\":\"EntryPoint\",\"urlTemplate\":\"https:\/\/sklep.psychologmarialucjan.pl\/?s={search_term_string}\"},\"query-input\":{\"@type\":\"PropertyValueSpecification\",\"valueRequired\":true,\"valueName\":\"search_term_string\"}}],\"inLanguage\":\"pl-PL\"}]}<\/script>\n<!-- \/ Yoast SEO plugin. -->","yoast_head_json":{"title":"30 dni SELF-CARE -","description":"30 dni selfcare - kreatywny spos\u00f3b na prezent - zam\u00f3w kart\u0119 w formacie PDF - wydrukuj i gotowe ! Mo\u017cesz ju\u017c zacz\u0105\u0107 miesi\u0105c dbania o siebie.","robots":{"index":"index","follow":"follow","max-snippet":"max-snippet:-1","max-image-preview":"max-image-preview:large","max-video-preview":"max-video-preview:-1"},"canonical":"https:\/\/sklep.psychologmarialucjan.pl\/index.php\/produkt\/30-dni-selfcare\/","og_locale":"pl_PL","og_type":"article","og_title":"30 dni SELF-CARE -","og_description":"30 dni selfcare - kreatywny spos\u00f3b na prezent - zam\u00f3w kart\u0119 w formacie PDF - wydrukuj i gotowe ! Mo\u017cesz ju\u017c zacz\u0105\u0107 miesi\u0105c dbania o siebie.","og_url":"https:\/\/sklep.psychologmarialucjan.pl\/index.php\/produkt\/30-dni-selfcare\/","article_modified_time":"2022-11-25T23:21:41+00:00","og_image":[{"width":1080,"height":1080,"url":"https:\/\/sklep.psychologmarialucjan.pl\/wp-content\/uploads\/2019\/04\/wyrozumiale-przypomnienia-9.png","type":"image\/png"}],"twitter_card":"summary_large_image","twitter_misc":{"Szacowany czas czytania":"1 minuta"},"schema":{"@context":"https:\/\/schema.org","@graph":[{"@type":"WebPage","@id":"https:\/\/sklep.psychologmarialucjan.pl\/index.php\/produkt\/30-dni-selfcare\/","url":"https:\/\/sklep.psychologmarialucjan.pl\/index.php\/produkt\/30-dni-selfcare\/","name":"30 dni SELF-CARE -","isPartOf":{"@id":"https:\/\/sklep.psychologmarialucjan.pl\/#website"},"primaryImageOfPage":{"@id":"https:\/\/sklep.psychologmarialucjan.pl\/index.php\/produkt\/30-dni-selfcare\/#primaryimage"},"image":{"@id":"https:\/\/sklep.psychologmarialucjan.pl\/index.php\/produkt\/30-dni-selfcare\/#primaryimage"},"thumbnailUrl":"https:\/\/sklep.psychologmarialucjan.pl\/wp-content\/uploads\/2019\/04\/wyrozumiale-przypomnienia-9.png","datePublished":"2019-04-18T11:08:43+00:00","dateModified":"2022-11-25T23:21:41+00:00","description":"30 dni selfcare - kreatywny spos\u00f3b na prezent - zam\u00f3w kart\u0119 w formacie PDF - wydrukuj i gotowe ! Mo\u017cesz ju\u017c zacz\u0105\u0107 miesi\u0105c dbania o siebie.","breadcrumb":{"@id":"https:\/\/sklep.psychologmarialucjan.pl\/index.php\/produkt\/30-dni-selfcare\/#breadcrumb"},"inLanguage":"pl-PL","potentialAction":[{"@type":"ReadAction","target":["https:\/\/sklep.psychologmarialucjan.pl\/index.php\/produkt\/30-dni-selfcare\/"]}]},{"@type":"ImageObject","inLanguage":"pl-PL","@id":"https:\/\/sklep.psychologmarialucjan.pl\/index.php\/produkt\/30-dni-selfcare\/#primaryimage","url":"https:\/\/sklep.psychologmarialucjan.pl\/wp-content\/uploads\/2019\/04\/wyrozumiale-przypomnienia-9.png","contentUrl":"https:\/\/sklep.psychologmarialucjan.pl\/wp-content\/uploads\/2019\/04\/wyrozumiale-przypomnienia-9.png","width":1080,"height":1080,"caption":"30 dni selfcare"},{"@type":"BreadcrumbList","@id":"https:\/\/sklep.psychologmarialucjan.pl\/index.php\/produkt\/30-dni-selfcare\/#breadcrumb","itemListElement":[{"@type":"ListItem","position":1,"name":"Strona g\u0142\u00f3wna","item":"https:\/\/sklep.psychologmarialucjan.pl\/"},{"@type":"ListItem","position":2,"name":"Shop","item":"https:\/\/sklep.psychologmarialucjan.pl\/index.php\/shop__trashed\/shop\/"},{"@type":"ListItem","position":3,"name":"30 dni SELF-CARE"}]},{"@type":"WebSite","@id":"https:\/\/sklep.psychologmarialucjan.pl\/#website","url":"https:\/\/sklep.psychologmarialucjan.pl\/","name":"","description":"","potentialAction":[{"@type":"SearchAction","target":{"@type":"EntryPoint","urlTemplate":"https:\/\/sklep.psychologmarialucjan.pl\/?s={search_term_string}"},"query-input":{"@type":"PropertyValueSpecification","valueRequired":true,"valueName":"search_term_string"}}],"inLanguage":"pl-PL"}]}},"_links":{"self":[{"href":"https:\/\/sklep.psychologmarialucjan.pl\/index.php\/wp-json\/wp\/v2\/product\/23","targetHints":{"allow":["GET"]}}],"collection":[{"href":"https:\/\/sklep.psychologmarialucjan.pl\/index.php\/wp-json\/wp\/v2\/product"}],"about":[{"href":"https:\/\/sklep.psychologmarialucjan.pl\/index.php\/wp-json\/wp\/v2\/types\/product"}],"replies":[{"embeddable":true,"href":"https:\/\/sklep.psychologmarialucjan.pl\/index.php\/wp-json\/wp\/v2\/comments?post=23"}],"wp:featuredmedia":[{"embeddable":true,"href":"https:\/\/sklep.psychologmarialucjan.pl\/index.php\/wp-json\/wp\/v2\/media\/499"}],"wp:attachment":[{"href":"https:\/\/sklep.psychologmarialucjan.pl\/index.php\/wp-json\/wp\/v2\/media?parent=23"}],"wp:term":[{"taxonomy":"product_cat","embeddable":true,"href":"https:\/\/sklep.psychologmarialucjan.pl\/index.php\/wp-json\/wp\/v2\/product_cat?post=23"},{"taxonomy":"product_tag","embeddable":true,"href":"https:\/\/sklep.psychologmarialucjan.pl\/index.php\/wp-json\/wp\/v2\/product_tag?post=23"}],"curies":[{"name":"wp","href":"https:\/\/api.w.org\/{rel}","templated":true}]}}