{"id":20,"date":"2019-04-18T11:08:43","date_gmt":"2019-04-18T09:08:43","guid":{"rendered":"https:\/\/envothemes.com\/envo-ecommerce\/product\/import-placeholder-for-51\/"},"modified":"2025-04-13T00:36:52","modified_gmt":"2025-04-12T22:36:52","slug":"dziennik-obserwacji-nastroju","status":"publish","type":"product","link":"https:\/\/sklep.psychologmarialucjan.pl\/index.php\/produkt\/dziennik-obserwacji-nastroju\/","title":{"rendered":"Obserwacja nastroju"},"content":{"rendered":"<p>Obserwacja nastroju &#8211; jak zacz\u0105\u0107 ?<\/p>\n<p>Proponuj\u0119 Tobie &#8222;Dziennik obserwacji nastroju&#8221;.<\/p>\n<p>Pobierz, wydrukuj i zacznij obserwowa\u0107 sw\u00f3j nastr\u00f3j ka\u017cdego dnia.<\/p>\n","protected":false},"excerpt":{"rendered":"<p>Produkt w formacie PDF do samodzielnego wydruku.<\/p>\n<p>Po op\u0142aceniu zam\u00f3wienia produkt czeka na Twoim e-mailu gotowy do pobrania \ud83d\ude42<\/p>\n","protected":false},"featured_media":408,"comment_status":"open","ping_status":"closed","template":"","meta":{"_mi_skip_tracking":false,"_monsterinsights_sitenote_active":false,"_monsterinsights_sitenote_note":"","_monsterinsights_sitenote_category":0},"product_cat":[24],"product_tag":[],"class_list":["post-20","product","type-product","status-publish","has-post-thumbnail","hentry","product_cat-karty-pracy"],"yoast_head":"<!-- This site is optimized with the Yoast SEO plugin v24.9 - https:\/\/yoast.com\/wordpress\/plugins\/seo\/ -->\n<title>Obserwacja nastroju -<\/title>\n<meta name=\"description\" content=\"Dziennik obserwacji nastroju to praktyczna pomoc, dzi\u0119ki kt\u00f3rej zwi\u0119kszysz swoj\u0105 \u015bwiadomo\u015b\u0107 tego, jak si\u0119 czujesz oraz co na to wp\u0142ywa.\" \/>\n<meta name=\"robots\" content=\"index, follow, max-snippet:-1, max-image-preview:large, max-video-preview:-1\" \/>\n<link rel=\"canonical\" href=\"https:\/\/sklep.psychologmarialucjan.pl\/index.php\/produkt\/dziennik-obserwacji-nastroju\/\" \/>\n<meta property=\"og:locale\" content=\"pl_PL\" \/>\n<meta property=\"og:type\" content=\"article\" \/>\n<meta property=\"og:title\" content=\"Obserwacja nastroju -\" \/>\n<meta property=\"og:description\" content=\"Dziennik obserwacji nastroju to praktyczna pomoc, dzi\u0119ki kt\u00f3rej zwi\u0119kszysz swoj\u0105 \u015bwiadomo\u015b\u0107 tego, jak si\u0119 czujesz oraz co na to wp\u0142ywa.\" \/>\n<meta property=\"og:url\" content=\"https:\/\/sklep.psychologmarialucjan.pl\/index.php\/produkt\/dziennik-obserwacji-nastroju\/\" \/>\n<meta property=\"article:modified_time\" content=\"2025-04-12T22:36:52+00:00\" \/>\n<meta property=\"og:image\" content=\"https:\/\/sklep.psychologmarialucjan.pl\/wp-content\/uploads\/2019\/04\/wyrozumiale-przypomnienia-7.png\" \/>\n\t<meta property=\"og:image:width\" content=\"1080\" \/>\n\t<meta property=\"og:image:height\" content=\"1080\" \/>\n\t<meta property=\"og:image:type\" content=\"image\/png\" \/>\n<meta name=\"twitter:card\" content=\"summary_large_image\" \/>\n<meta name=\"twitter:label1\" content=\"Szacowany czas czytania\" \/>\n\t<meta name=\"twitter:data1\" content=\"1 minuta\" \/>\n<script type=\"application\/ld+json\" class=\"yoast-schema-graph\">{\"@context\":\"https:\/\/schema.org\",\"@graph\":[{\"@type\":\"WebPage\",\"@id\":\"https:\/\/sklep.psychologmarialucjan.pl\/index.php\/produkt\/dziennik-obserwacji-nastroju\/\",\"url\":\"https:\/\/sklep.psychologmarialucjan.pl\/index.php\/produkt\/dziennik-obserwacji-nastroju\/\",\"name\":\"Obserwacja nastroju -\",\"isPartOf\":{\"@id\":\"https:\/\/sklep.psychologmarialucjan.pl\/#website\"},\"primaryImageOfPage\":{\"@id\":\"https:\/\/sklep.psychologmarialucjan.pl\/index.php\/produkt\/dziennik-obserwacji-nastroju\/#primaryimage\"},\"image\":{\"@id\":\"https:\/\/sklep.psychologmarialucjan.pl\/index.php\/produkt\/dziennik-obserwacji-nastroju\/#primaryimage\"},\"thumbnailUrl\":\"https:\/\/sklep.psychologmarialucjan.pl\/wp-content\/uploads\/2019\/04\/wyrozumiale-przypomnienia-7.png\",\"datePublished\":\"2019-04-18T09:08:43+00:00\",\"dateModified\":\"2025-04-12T22:36:52+00:00\",\"description\":\"Dziennik obserwacji nastroju to praktyczna pomoc, dzi\u0119ki kt\u00f3rej zwi\u0119kszysz swoj\u0105 \u015bwiadomo\u015b\u0107 tego, jak si\u0119 czujesz oraz co na to wp\u0142ywa.\",\"breadcrumb\":{\"@id\":\"https:\/\/sklep.psychologmarialucjan.pl\/index.php\/produkt\/dziennik-obserwacji-nastroju\/#breadcrumb\"},\"inLanguage\":\"pl-PL\",\"potentialAction\":[{\"@type\":\"ReadAction\",\"target\":[\"https:\/\/sklep.psychologmarialucjan.pl\/index.php\/produkt\/dziennik-obserwacji-nastroju\/\"]}]},{\"@type\":\"ImageObject\",\"inLanguage\":\"pl-PL\",\"@id\":\"https:\/\/sklep.psychologmarialucjan.pl\/index.php\/produkt\/dziennik-obserwacji-nastroju\/#primaryimage\",\"url\":\"https:\/\/sklep.psychologmarialucjan.pl\/wp-content\/uploads\/2019\/04\/wyrozumiale-przypomnienia-7.png\",\"contentUrl\":\"https:\/\/sklep.psychologmarialucjan.pl\/wp-content\/uploads\/2019\/04\/wyrozumiale-przypomnienia-7.png\",\"width\":1080,\"height\":1080,\"caption\":\"dziennik nastroju\"},{\"@type\":\"BreadcrumbList\",\"@id\":\"https:\/\/sklep.psychologmarialucjan.pl\/index.php\/produkt\/dziennik-obserwacji-nastroju\/#breadcrumb\",\"itemListElement\":[{\"@type\":\"ListItem\",\"position\":1,\"name\":\"Strona g\u0142\u00f3wna\",\"item\":\"https:\/\/sklep.psychologmarialucjan.pl\/\"},{\"@type\":\"ListItem\",\"position\":2,\"name\":\"Shop\",\"item\":\"https:\/\/sklep.psychologmarialucjan.pl\/index.php\/shop__trashed\/shop\/\"},{\"@type\":\"ListItem\",\"position\":3,\"name\":\"Obserwacja nastroju\"}]},{\"@type\":\"WebSite\",\"@id\":\"https:\/\/sklep.psychologmarialucjan.pl\/#website\",\"url\":\"https:\/\/sklep.psychologmarialucjan.pl\/\",\"name\":\"\",\"description\":\"\",\"potentialAction\":[{\"@type\":\"SearchAction\",\"target\":{\"@type\":\"EntryPoint\",\"urlTemplate\":\"https:\/\/sklep.psychologmarialucjan.pl\/?s={search_term_string}\"},\"query-input\":{\"@type\":\"PropertyValueSpecification\",\"valueRequired\":true,\"valueName\":\"search_term_string\"}}],\"inLanguage\":\"pl-PL\"}]}<\/script>\n<!-- \/ Yoast SEO plugin. -->","yoast_head_json":{"title":"Obserwacja nastroju -","description":"Dziennik obserwacji nastroju to praktyczna pomoc, dzi\u0119ki kt\u00f3rej zwi\u0119kszysz swoj\u0105 \u015bwiadomo\u015b\u0107 tego, jak si\u0119 czujesz oraz co na to wp\u0142ywa.","robots":{"index":"index","follow":"follow","max-snippet":"max-snippet:-1","max-image-preview":"max-image-preview:large","max-video-preview":"max-video-preview:-1"},"canonical":"https:\/\/sklep.psychologmarialucjan.pl\/index.php\/produkt\/dziennik-obserwacji-nastroju\/","og_locale":"pl_PL","og_type":"article","og_title":"Obserwacja nastroju -","og_description":"Dziennik obserwacji nastroju to praktyczna pomoc, dzi\u0119ki kt\u00f3rej zwi\u0119kszysz swoj\u0105 \u015bwiadomo\u015b\u0107 tego, jak si\u0119 czujesz oraz co na to wp\u0142ywa.","og_url":"https:\/\/sklep.psychologmarialucjan.pl\/index.php\/produkt\/dziennik-obserwacji-nastroju\/","article_modified_time":"2025-04-12T22:36:52+00:00","og_image":[{"width":1080,"height":1080,"url":"https:\/\/sklep.psychologmarialucjan.pl\/wp-content\/uploads\/2019\/04\/wyrozumiale-przypomnienia-7.png","type":"image\/png"}],"twitter_card":"summary_large_image","twitter_misc":{"Szacowany czas czytania":"1 minuta"},"schema":{"@context":"https:\/\/schema.org","@graph":[{"@type":"WebPage","@id":"https:\/\/sklep.psychologmarialucjan.pl\/index.php\/produkt\/dziennik-obserwacji-nastroju\/","url":"https:\/\/sklep.psychologmarialucjan.pl\/index.php\/produkt\/dziennik-obserwacji-nastroju\/","name":"Obserwacja nastroju -","isPartOf":{"@id":"https:\/\/sklep.psychologmarialucjan.pl\/#website"},"primaryImageOfPage":{"@id":"https:\/\/sklep.psychologmarialucjan.pl\/index.php\/produkt\/dziennik-obserwacji-nastroju\/#primaryimage"},"image":{"@id":"https:\/\/sklep.psychologmarialucjan.pl\/index.php\/produkt\/dziennik-obserwacji-nastroju\/#primaryimage"},"thumbnailUrl":"https:\/\/sklep.psychologmarialucjan.pl\/wp-content\/uploads\/2019\/04\/wyrozumiale-przypomnienia-7.png","datePublished":"2019-04-18T09:08:43+00:00","dateModified":"2025-04-12T22:36:52+00:00","description":"Dziennik obserwacji nastroju to praktyczna pomoc, dzi\u0119ki kt\u00f3rej zwi\u0119kszysz swoj\u0105 \u015bwiadomo\u015b\u0107 tego, jak si\u0119 czujesz oraz co na to wp\u0142ywa.","breadcrumb":{"@id":"https:\/\/sklep.psychologmarialucjan.pl\/index.php\/produkt\/dziennik-obserwacji-nastroju\/#breadcrumb"},"inLanguage":"pl-PL","potentialAction":[{"@type":"ReadAction","target":["https:\/\/sklep.psychologmarialucjan.pl\/index.php\/produkt\/dziennik-obserwacji-nastroju\/"]}]},{"@type":"ImageObject","inLanguage":"pl-PL","@id":"https:\/\/sklep.psychologmarialucjan.pl\/index.php\/produkt\/dziennik-obserwacji-nastroju\/#primaryimage","url":"https:\/\/sklep.psychologmarialucjan.pl\/wp-content\/uploads\/2019\/04\/wyrozumiale-przypomnienia-7.png","contentUrl":"https:\/\/sklep.psychologmarialucjan.pl\/wp-content\/uploads\/2019\/04\/wyrozumiale-przypomnienia-7.png","width":1080,"height":1080,"caption":"dziennik nastroju"},{"@type":"BreadcrumbList","@id":"https:\/\/sklep.psychologmarialucjan.pl\/index.php\/produkt\/dziennik-obserwacji-nastroju\/#breadcrumb","itemListElement":[{"@type":"ListItem","position":1,"name":"Strona g\u0142\u00f3wna","item":"https:\/\/sklep.psychologmarialucjan.pl\/"},{"@type":"ListItem","position":2,"name":"Shop","item":"https:\/\/sklep.psychologmarialucjan.pl\/index.php\/shop__trashed\/shop\/"},{"@type":"ListItem","position":3,"name":"Obserwacja nastroju"}]},{"@type":"WebSite","@id":"https:\/\/sklep.psychologmarialucjan.pl\/#website","url":"https:\/\/sklep.psychologmarialucjan.pl\/","name":"","description":"","potentialAction":[{"@type":"SearchAction","target":{"@type":"EntryPoint","urlTemplate":"https:\/\/sklep.psychologmarialucjan.pl\/?s={search_term_string}"},"query-input":{"@type":"PropertyValueSpecification","valueRequired":true,"valueName":"search_term_string"}}],"inLanguage":"pl-PL"}]}},"_links":{"self":[{"href":"https:\/\/sklep.psychologmarialucjan.pl\/index.php\/wp-json\/wp\/v2\/product\/20","targetHints":{"allow":["GET"]}}],"collection":[{"href":"https:\/\/sklep.psychologmarialucjan.pl\/index.php\/wp-json\/wp\/v2\/product"}],"about":[{"href":"https:\/\/sklep.psychologmarialucjan.pl\/index.php\/wp-json\/wp\/v2\/types\/product"}],"replies":[{"embeddable":true,"href":"https:\/\/sklep.psychologmarialucjan.pl\/index.php\/wp-json\/wp\/v2\/comments?post=20"}],"wp:featuredmedia":[{"embeddable":true,"href":"https:\/\/sklep.psychologmarialucjan.pl\/index.php\/wp-json\/wp\/v2\/media\/408"}],"wp:attachment":[{"href":"https:\/\/sklep.psychologmarialucjan.pl\/index.php\/wp-json\/wp\/v2\/media?parent=20"}],"wp:term":[{"taxonomy":"product_cat","embeddable":true,"href":"https:\/\/sklep.psychologmarialucjan.pl\/index.php\/wp-json\/wp\/v2\/product_cat?post=20"},{"taxonomy":"product_tag","embeddable":true,"href":"https:\/\/sklep.psychologmarialucjan.pl\/index.php\/wp-json\/wp\/v2\/product_tag?post=20"}],"curies":[{"name":"wp","href":"https:\/\/api.w.org\/{rel}","templated":true}]}}